{"id":1237,"date":"2017-02-09T12:28:18","date_gmt":"2017-02-09T12:28:18","guid":{"rendered":"http:\/\/osteosants.com\/pilates\/"},"modified":"2023-09-12T14:37:28","modified_gmt":"2023-09-12T14:37:28","slug":"pilates","status":"publish","type":"page","link":"https:\/\/osteosants.com\/ca\/pilates\/","title":{"rendered":"Pilates \/ Hipopressius"},"content":{"rendered":"<p>[et_pb_section fb_built=&#8221;1&#8243; custom_padding_last_edited=&#8221;on|desktop&#8221; admin_label=&#8221;section&#8221; _builder_version=&#8221;4.16&#8243; background_image=&#8221;https:\/\/osteosants.com\/wp-content\/uploads\/2017\/11\/os_pilates.jpg&#8221; custom_padding_tablet=&#8221;50px|0|50px|0&#8243; custom_padding_phone=&#8221;50px|0|50px|0&#8243; transparent_background=&#8221;off&#8221; padding_mobile=&#8221;off&#8221; make_fullwidth=&#8221;off&#8221; use_custom_width=&#8221;off&#8221; width_unit=&#8221;off&#8221; custom_width_px=&#8221;1080px&#8221; custom_width_percent=&#8221;80%&#8221; global_colors_info=&#8221;{}&#8221;][et_pb_row padding_mobile=&#8221;off&#8221; column_padding_mobile=&#8221;on&#8221; admin_label=&#8221;row&#8221; _builder_version=&#8221;4.16&#8243; background_size=&#8221;initial&#8221; background_position=&#8221;top_left&#8221; background_repeat=&#8221;repeat&#8221; make_fullwidth=&#8221;off&#8221; use_custom_width=&#8221;off&#8221; width_unit=&#8221;off&#8221; custom_width_px=&#8221;1080px&#8221; custom_width_percent=&#8221;80%&#8221; global_colors_info=&#8221;{}&#8221;][et_pb_column type=&#8221;4_4&#8243; _builder_version=&#8221;4.16&#8243; custom_padding=&#8221;|||&#8221; global_colors_info=&#8221;{}&#8221; custom_padding__hover=&#8221;|||&#8221;][et_pb_slider show_arrows=&#8221;off&#8221; show_pagination=&#8221;off&#8221; admin_label=&#8221;Slider&#8221; _builder_version=&#8221;4.17.4&#8243; background_size=&#8221;contain&#8221; custom_padding=&#8221;|||&#8221; custom_padding_tablet=&#8221;|||&#8221; custom_padding_phone=&#8221;|||&#8221; remove_inner_shadow=&#8221;on&#8221; hide_content_on_mobile=&#8221;off&#8221; hide_cta_on_mobile=&#8221;off&#8221; show_inner_shadow=&#8221;off&#8221; button_letter_spacing_hover=&#8221;0&#8243; global_colors_info=&#8221;{}&#8221; button_text_size__hover_enabled=&#8221;off&#8221; button_one_text_size__hover_enabled=&#8221;off&#8221; button_two_text_size__hover_enabled=&#8221;off&#8221; button_text_color__hover_enabled=&#8221;off&#8221; button_one_text_color__hover_enabled=&#8221;off&#8221; button_two_text_color__hover_enabled=&#8221;off&#8221; button_border_width__hover_enabled=&#8221;off&#8221; button_one_border_width__hover_enabled=&#8221;off&#8221; button_two_border_width__hover_enabled=&#8221;off&#8221; button_border_color__hover_enabled=&#8221;off&#8221; button_one_border_color__hover_enabled=&#8221;off&#8221; button_two_border_color__hover_enabled=&#8221;off&#8221; button_border_radius__hover_enabled=&#8221;off&#8221; button_one_border_radius__hover_enabled=&#8221;off&#8221; button_two_border_radius__hover_enabled=&#8221;off&#8221; button_letter_spacing__hover_enabled=&#8221;on&#8221; button_letter_spacing__hover=&#8221;0&#8243; button_one_letter_spacing__hover_enabled=&#8221;off&#8221; button_two_letter_spacing__hover_enabled=&#8221;off&#8221; button_bg_color__hover_enabled=&#8221;off&#8221; button_one_bg_color__hover_enabled=&#8221;off&#8221; button_two_bg_color__hover_enabled=&#8221;off&#8221;][et_pb_slide heading=&#8221;Pilates&#8221; use_bg_overlay=&#8221;off&#8221; use_text_overlay=&#8221;off&#8221; _builder_version=&#8221;4.17.4&#8243; header_font=&#8221;|600|||||||&#8221; header_text_color=&#8221;#bad29e&#8221; body_font=&#8221;||||&#8221; body_font_size=&#8221;20&#8243; body_letter_spacing=&#8221;1px&#8221; background_color=&#8221;rgba(255,255,255,0)&#8221; button_icon_placement=&#8221;right&#8221; button_on_hover=&#8221;on&#8221; body_font_size_tablet=&#8221;18&#8243; body_font_size_phone=&#8221;18&#8243; body_letter_spacing_tablet=&#8221;4px&#8221; body_letter_spacing_phone=&#8221;4px&#8221; global_colors_info=&#8221;{}&#8221; button_text_size__hover_enabled=&#8221;off&#8221; button_one_text_size__hover_enabled=&#8221;off&#8221; button_two_text_size__hover_enabled=&#8221;off&#8221; button_text_color__hover_enabled=&#8221;off&#8221; button_one_text_color__hover_enabled=&#8221;off&#8221; button_two_text_color__hover_enabled=&#8221;off&#8221; button_border_width__hover_enabled=&#8221;off&#8221; button_one_border_width__hover_enabled=&#8221;off&#8221; button_two_border_width__hover_enabled=&#8221;off&#8221; button_border_color__hover_enabled=&#8221;off&#8221; button_one_border_color__hover_enabled=&#8221;off&#8221; button_two_border_color__hover_enabled=&#8221;off&#8221; button_border_radius__hover_enabled=&#8221;off&#8221; button_one_border_radius__hover_enabled=&#8221;off&#8221; button_two_border_radius__hover_enabled=&#8221;off&#8221; button_letter_spacing__hover_enabled=&#8221;off&#8221; button_one_letter_spacing__hover_enabled=&#8221;off&#8221; button_two_letter_spacing__hover_enabled=&#8221;off&#8221; button_bg_color__hover_enabled=&#8221;off&#8221; button_one_bg_color__hover_enabled=&#8221;off&#8221; button_two_bg_color__hover_enabled=&#8221;off&#8221; sticky_transition=&#8221;on&#8221;]<\/p>\n<p>&#8220;Tot en la vida es manifesta a trav\u00e9s d&#8217;energia o moviment&#8221;.<\/p>\n<p>Magoun<\/p>\n<p>[\/et_pb_slide][\/et_pb_slider][\/et_pb_column][\/et_pb_row][\/et_pb_section][et_pb_section fb_built=&#8221;1&#8243; admin_label=&#8221;Secci\u00f3n&#8221; _builder_version=&#8221;4.16&#8243; transparent_background=&#8221;off&#8221; make_fullwidth=&#8221;off&#8221; use_custom_width=&#8221;off&#8221; width_unit=&#8221;off&#8221; custom_width_px=&#8221;1080px&#8221; custom_width_percent=&#8221;80%&#8221; global_colors_info=&#8221;{}&#8221;][et_pb_row column_structure=&#8221;1_2,1_2&#8243; admin_label=&#8221;Fila&#8221; _builder_version=&#8221;4.16&#8243; background_size=&#8221;initial&#8221; background_position=&#8221;top_left&#8221; background_repeat=&#8221;repeat&#8221; custom_padding=&#8221;28px|0px|26.796875px|0px&#8221; make_fullwidth=&#8221;off&#8221; use_custom_width=&#8221;off&#8221; width_unit=&#8221;off&#8221; custom_width_px=&#8221;1080px&#8221; custom_width_percent=&#8221;80%&#8221; global_colors_info=&#8221;{}&#8221;][et_pb_column type=&#8221;1_2&#8243; _builder_version=&#8221;4.16&#8243; custom_padding=&#8221;|||&#8221; global_colors_info=&#8221;{}&#8221; custom_padding__hover=&#8221;|||&#8221;][et_pb_text admin_label=&#8221;Texto&#8221; _builder_version=&#8221;4.17.4&#8243; text_font_size=&#8221;18&#8243; text_line_height=&#8221;1.8em&#8221; header_3_text_color=&#8221;#bad29e&#8221; background_size=&#8221;initial&#8221; background_position=&#8221;top_left&#8221; background_repeat=&#8221;repeat&#8221; custom_margin=&#8221;||13px|||&#8221; hover_enabled=&#8221;0&#8243; use_border_color=&#8221;off&#8221; border_style=&#8221;solid&#8221; global_colors_info=&#8221;{}&#8221; sticky_enabled=&#8221;0&#8243;]<\/p>\n<h3><em>Espai funcional<\/em><\/h3>\n<p>[\/et_pb_text][et_pb_text admin_label=&#8221;Texto&#8221; _builder_version=&#8221;4.16&#8243; text_font_size=&#8221;18&#8243; text_line_height=&#8221;1.8em&#8221; background_size=&#8221;initial&#8221; background_position=&#8221;top_left&#8221; background_repeat=&#8221;repeat&#8221; use_border_color=&#8221;off&#8221; border_style=&#8221;solid&#8221; global_colors_info=&#8221;{}&#8221;]<\/p>\n<p>Un dels objectius principals \u00e9s prevenir lesions i millorar l&#8217;estat de salut de l&#8217;individu; a trav\u00e9s de l&#8217;activaci\u00f3 de la musculatura profunda de la columna vertebral\u00a0sin\u00e8rgicament\u00a0amb la contracci\u00f3 del m\u00fascul\u00a0transvers\u00a0(zona abdominal) permet mantenir l&#8217;equilibri corporal i donar estabilitat i fermesa a la columna, \u00e9s per aix\u00f2 que \u00e9s una gran eina en la rehabilitaci\u00f3 i alleujament del dolor d&#8217;esquena, aix\u00ed com per millorar i treballar la correcci\u00f3 postural.<\/p>\n<p>[\/et_pb_text][et_pb_text admin_label=&#8221;Texto&#8221; _builder_version=&#8221;4.17.4&#8243; text_font_size=&#8221;18&#8243; text_line_height=&#8221;1.8em&#8221; header_3_text_color=&#8221;#bad29e&#8221; background_size=&#8221;initial&#8221; background_position=&#8221;top_left&#8221; background_repeat=&#8221;repeat&#8221; custom_margin=&#8221;||5px|||&#8221; use_border_color=&#8221;off&#8221; border_style=&#8221;solid&#8221; global_colors_info=&#8221;{}&#8221;]<\/p>\n<h3><em>Pilates<\/em><\/h3>\n<p>[\/et_pb_text][et_pb_text admin_label=&#8221;Texto&#8221; _builder_version=&#8221;4.16&#8243; text_font_size=&#8221;18&#8243; text_line_height=&#8221;1.8em&#8221; background_size=&#8221;initial&#8221; background_position=&#8221;top_left&#8221; background_repeat=&#8221;repeat&#8221; use_border_color=&#8221;off&#8221; border_style=&#8221;solid&#8221; global_colors_info=&#8221;{}&#8221;]<\/p>\n<p>El m&egrave;tode Pilates &eacute;s un sistema d&#8217;entrenament f&iacute;sic i mental; unint el dinamisme i la for&ccedil;a muscular amb el control mental, la respiraci&oacute; i la relaxaci&oacute;.<\/p>\n<p>Recalca l&#8217;&uacute;s de la ment per controlar el cos, per&ograve; buscant l&#8217;equilibri i la unitat entre tots dos. El m&egrave;tode se centra en el desenvolupament dels m&uacute;sculs interns per mantenir l&#8217;equilibri corporal i donar estabilitat i fermesa a la columna vertebral, per la qual cosa &eacute;s molt usat com a ter&agrave;pia en rehabilitaci&oacute; i per prevenir i alleujar el dolor d&#8217;esquena.<\/p>\n<p>[\/et_pb_text][et_pb_text admin_label=&#8221;Texto&#8221; _builder_version=&#8221;4.16&#8243; text_font=&#8221;||on||&#8221; text_font_size=&#8221;15&#8243; text_line_height=&#8221;1.8em&#8221; background_size=&#8221;initial&#8221; background_position=&#8221;top_left&#8221; background_repeat=&#8221;repeat&#8221; use_border_color=&#8221;off&#8221; border_style=&#8221;solid&#8221; global_colors_info=&#8221;{}&#8221;]<\/p>\n<p>\n* Classe impartida per un fisioterapeuta. La duraci\u00f3 de la\u00a0classe\u00a0\u00e9s\u00a0de 50-60&#8242;<\/p>\n<p>[\/et_pb_text][\/et_pb_column][et_pb_column type=&#8221;1_2&#8243; _builder_version=&#8221;4.16&#8243; custom_padding=&#8221;|||&#8221; global_colors_info=&#8221;{}&#8221; custom_padding__hover=&#8221;|||&#8221;][et_pb_text admin_label=&#8221;Texto&#8221; _builder_version=&#8221;4.17.4&#8243; text_font_size=&#8221;18&#8243; text_line_height=&#8221;1.8em&#8221; header_3_text_color=&#8221;#bad29e&#8221; background_size=&#8221;initial&#8221; background_position=&#8221;top_left&#8221; background_repeat=&#8221;repeat&#8221; custom_margin=&#8221;||-10px|&#8221; custom_padding=&#8221;||12px|||&#8221; hover_enabled=&#8221;0&#8243; use_border_color=&#8221;off&#8221; border_style=&#8221;solid&#8221; global_colors_info=&#8221;{}&#8221; sticky_enabled=&#8221;0&#8243;]<\/p>\n<h3><em>Exercici Hipopressius<\/em><\/h3>\n<p>[\/et_pb_text][et_pb_text admin_label=&#8221;Texto&#8221; _builder_version=&#8221;4.16&#8243; text_font_size=&#8221;18&#8243; text_line_height=&#8221;1.8em&#8221; background_size=&#8221;initial&#8221; background_position=&#8221;top_left&#8221; background_repeat=&#8221;repeat&#8221; use_border_color=&#8221;off&#8221; border_style=&#8221;solid&#8221; global_colors_info=&#8221;{}&#8221;]<\/p>\n<p>S\u00f3n una s\u00e8rie de t\u00e8cniques que mitjan\u00e7ant diferents postures i moviments i a trav\u00e9s de la contracci\u00f3 del nostre diafragma en espiraci\u00f3 aconseguim fer un efecte succi\u00f3 en les nostres v\u00edsceres, donant com a resultat una pressi\u00f3 negativa dins de l&#8217;abdomen i la cavitat p\u00e8lvica, provocant una reacci\u00f3 t\u00f2nica reflexa de la musculatura del sol p\u00e8lvic i faixa abdominal.<\/p>\n<p>[\/et_pb_text][et_pb_text admin_label=&#8221;Texto&#8221; _builder_version=&#8221;4.17.4&#8243; text_font_size=&#8221;18&#8243; text_line_height=&#8221;1.8em&#8221; header_3_text_color=&#8221;#bad29e&#8221; background_size=&#8221;initial&#8221; background_position=&#8221;top_left&#8221; background_repeat=&#8221;repeat&#8221; custom_margin=&#8221;||-10px|&#8221; custom_padding=&#8221;||20px|||&#8221; use_border_color=&#8221;off&#8221; border_style=&#8221;solid&#8221; global_colors_info=&#8221;{}&#8221;]<\/p>\n<h3><em>Beneficis<\/em><\/h3>\n<p>[\/et_pb_text][et_pb_blurb use_icon=&#8221;on&#8221; font_icon=&#8221;&#xe052;||divi||400&#8243; icon_placement=&#8221;left&#8221; image_icon_width=&#8221;22px&#8221; admin_label=&#8221;Anuncio&#8221; _builder_version=&#8221;4.17.4&#8243; body_font_size=&#8221;18&#8243; background_size=&#8221;initial&#8221; background_position=&#8221;top_left&#8221; background_repeat=&#8221;repeat&#8221; animation=&#8221;off&#8221; use_border_color=&#8221;off&#8221; border_color=&#8221;#ffffff&#8221; border_width=&#8221;1px&#8221; border_style=&#8221;solid&#8221; image_max_width=&#8221;none&#8221; icon_font_size=&#8221;22px&#8221; use_circle=&#8221;off&#8221; use_circle_border=&#8221;off&#8221; circle_border_color=&#8221;#94d500&#8243; circle_color=&#8221;#94d500&#8243; global_colors_info=&#8221;{}&#8221;]<\/p>\n<p>Millorar l&#8217;aspecte est\u00e8tic de l&#8217;abdomen<\/p>\n<p>[\/et_pb_blurb][et_pb_blurb use_icon=&#8221;on&#8221; font_icon=&#8221;&#xe052;||divi||400&#8243; icon_placement=&#8221;left&#8221; image_icon_width=&#8221;22px&#8221; admin_label=&#8221;Anuncio&#8221; _builder_version=&#8221;4.17.4&#8243; body_font_size=&#8221;18&#8243; background_size=&#8221;initial&#8221; background_position=&#8221;top_left&#8221; background_repeat=&#8221;repeat&#8221; custom_margin=&#8221;-10px|||&#8221; animation=&#8221;off&#8221; use_border_color=&#8221;off&#8221; border_color=&#8221;#ffffff&#8221; border_width=&#8221;1px&#8221; border_style=&#8221;solid&#8221; image_max_width=&#8221;none&#8221; icon_font_size=&#8221;22px&#8221; use_circle=&#8221;off&#8221; use_circle_border=&#8221;off&#8221; circle_border_color=&#8221;#94d500&#8243; circle_color=&#8221;#94d500&#8243; global_colors_info=&#8221;{}&#8221;]<\/p>\n<p>Millorar problemes d&#8217;incontin\u00e8ncia urin\u00e0ria i postpart<\/p>\n<p>[\/et_pb_blurb][et_pb_blurb use_icon=&#8221;on&#8221; font_icon=&#8221;&#xe052;||divi||400&#8243; icon_placement=&#8221;left&#8221; image_icon_width=&#8221;22px&#8221; admin_label=&#8221;Anuncio&#8221; _builder_version=&#8221;4.17.4&#8243; body_font_size=&#8221;18&#8243; background_size=&#8221;initial&#8221; background_position=&#8221;top_left&#8221; background_repeat=&#8221;repeat&#8221; custom_margin=&#8221;-10px|||&#8221; animation=&#8221;off&#8221; use_border_color=&#8221;off&#8221; border_color=&#8221;#ffffff&#8221; border_width=&#8221;1px&#8221; border_style=&#8221;solid&#8221; image_max_width=&#8221;none&#8221; icon_font_size=&#8221;22px&#8221; use_circle=&#8221;off&#8221; use_circle_border=&#8221;off&#8221; circle_border_color=&#8221;#94d500&#8243; circle_color=&#8221;#94d500&#8243; global_colors_info=&#8221;{}&#8221;]<\/p>\n<p>Millorar la vida sexual<\/p>\n<p>[\/et_pb_blurb][et_pb_blurb use_icon=&#8221;on&#8221; font_icon=&#8221;&#xe052;||divi||400&#8243; icon_placement=&#8221;left&#8221; image_icon_width=&#8221;22px&#8221; admin_label=&#8221;Anuncio&#8221; _builder_version=&#8221;4.17.4&#8243; body_font_size=&#8221;18&#8243; background_size=&#8221;initial&#8221; background_position=&#8221;top_left&#8221; background_repeat=&#8221;repeat&#8221; custom_margin=&#8221;-10px|||&#8221; animation=&#8221;off&#8221; use_border_color=&#8221;off&#8221; border_color=&#8221;#ffffff&#8221; border_width=&#8221;1px&#8221; border_style=&#8221;solid&#8221; image_max_width=&#8221;none&#8221; icon_font_size=&#8221;22px&#8221; use_circle=&#8221;off&#8221; use_circle_border=&#8221;off&#8221; circle_border_color=&#8221;#94d500&#8243; circle_color=&#8221;#94d500&#8243; global_colors_info=&#8221;{}&#8221;]<\/p>\n<p>Tonificar i recuperar en l&#8217;etapa post-part<\/p>\n<p>[\/et_pb_blurb][et_pb_blurb use_icon=&#8221;on&#8221; font_icon=&#8221;&#xe052;||divi||400&#8243; icon_placement=&#8221;left&#8221; image_icon_width=&#8221;22px&#8221; admin_label=&#8221;Anuncio&#8221; _builder_version=&#8221;4.17.4&#8243; body_font_size=&#8221;18&#8243; background_size=&#8221;initial&#8221; background_position=&#8221;top_left&#8221; background_repeat=&#8221;repeat&#8221; custom_margin=&#8221;-10px|||&#8221; animation=&#8221;off&#8221; use_border_color=&#8221;off&#8221; border_color=&#8221;#ffffff&#8221; border_width=&#8221;1px&#8221; border_style=&#8221;solid&#8221; image_max_width=&#8221;none&#8221; icon_font_size=&#8221;22px&#8221; use_circle=&#8221;off&#8221; use_circle_border=&#8221;off&#8221; circle_border_color=&#8221;#94d500&#8243; circle_color=&#8221;#94d500&#8243; global_colors_info=&#8221;{}&#8221;]<\/p>\n<p>Millorar la salut de la nostra esquena<\/p>\n<p>[\/et_pb_blurb][et_pb_blurb use_icon=&#8221;on&#8221; font_icon=&#8221;&#xe052;||divi||400&#8243; icon_placement=&#8221;left&#8221; image_icon_width=&#8221;22px&#8221; admin_label=&#8221;Anuncio&#8221; _builder_version=&#8221;4.17.4&#8243; body_font_size=&#8221;18&#8243; background_size=&#8221;initial&#8221; background_position=&#8221;top_left&#8221; background_repeat=&#8221;repeat&#8221; animation=&#8221;off&#8221; use_border_color=&#8221;off&#8221; border_color=&#8221;#ffffff&#8221; border_width=&#8221;1px&#8221; border_style=&#8221;solid&#8221; image_max_width=&#8221;none&#8221; icon_font_size=&#8221;22px&#8221; use_circle=&#8221;off&#8221; use_circle_border=&#8221;off&#8221; circle_border_color=&#8221;#94d500&#8243; circle_color=&#8221;#94d500&#8243; global_colors_info=&#8221;{}&#8221;]<\/p>\n<p>Millorar el rendiment esportiu<\/p>\n<p>[\/et_pb_blurb][\/et_pb_column][\/et_pb_row][\/et_pb_section][et_pb_section fb_built=&#8221;1&#8243; custom_padding_last_edited=&#8221;on|desktop&#8221; admin_label=&#8221;section&#8221; _builder_version=&#8221;4.16&#8243; background_color=&#8221;#f7f7f7&#8243; custom_padding=&#8221;0px|0px|0px|0px&#8221; custom_padding_tablet=&#8221;50px|0|50px|0&#8243; custom_padding_phone=&#8221;50px|0|50px|0&#8243; transparent_background=&#8221;off&#8221; padding_mobile=&#8221;off&#8221; make_fullwidth=&#8221;off&#8221; use_custom_width=&#8221;off&#8221; width_unit=&#8221;off&#8221; custom_width_px=&#8221;1080px&#8221; custom_width_percent=&#8221;80%&#8221; global_colors_info=&#8221;{}&#8221;][et_pb_row padding_mobile=&#8221;off&#8221; column_padding_mobile=&#8221;on&#8221; disabled_on=&#8221;on|on|on&#8221; admin_label=&#8221;row&#8221; _builder_version=&#8221;4.16&#8243; background_size=&#8221;initial&#8221; background_position=&#8221;top_left&#8221; background_repeat=&#8221;repeat&#8221; make_fullwidth=&#8221;off&#8221; use_custom_width=&#8221;off&#8221; width_unit=&#8221;off&#8221; custom_width_px=&#8221;1080px&#8221; custom_width_percent=&#8221;80%&#8221; global_colors_info=&#8221;{}&#8221;][et_pb_column type=&#8221;4_4&#8243; _builder_version=&#8221;4.16&#8243; custom_padding=&#8221;|||&#8221; global_colors_info=&#8221;{}&#8221; custom_padding__hover=&#8221;|||&#8221;][et_pb_cta title=&#8221;Pedir Cita&#8221; button_url=&#8221;#&#8221; button_text=&#8221;Reservar&#8221; admin_label=&#8221;Call To Action&#8221; _builder_version=&#8221;4.16&#8243; use_background_color=&#8221;off&#8221; background_size=&#8221;initial&#8221; background_position=&#8221;top_left&#8221; background_repeat=&#8221;repeat&#8221; background_layout=&#8221;light&#8221; button_letter_spacing_hover=&#8221;0&#8243; use_border_color=&#8221;off&#8221; border_color=&#8221;#ffffff&#8221; border_width=&#8221;1px&#8221; border_style=&#8221;solid&#8221; global_colors_info=&#8221;{}&#8221; button_text_size__hover_enabled=&#8221;off&#8221; button_one_text_size__hover_enabled=&#8221;off&#8221; button_two_text_size__hover_enabled=&#8221;off&#8221; button_text_color__hover_enabled=&#8221;off&#8221; button_one_text_color__hover_enabled=&#8221;off&#8221; button_two_text_color__hover_enabled=&#8221;off&#8221; button_border_width__hover_enabled=&#8221;off&#8221; button_one_border_width__hover_enabled=&#8221;off&#8221; button_two_border_width__hover_enabled=&#8221;off&#8221; button_border_color__hover_enabled=&#8221;off&#8221; button_one_border_color__hover_enabled=&#8221;off&#8221; button_two_border_color__hover_enabled=&#8221;off&#8221; button_border_radius__hover_enabled=&#8221;off&#8221; button_one_border_radius__hover_enabled=&#8221;off&#8221; button_two_border_radius__hover_enabled=&#8221;off&#8221; button_letter_spacing__hover_enabled=&#8221;on&#8221; button_letter_spacing__hover=&#8221;0&#8243; button_one_letter_spacing__hover_enabled=&#8221;off&#8221; button_two_letter_spacing__hover_enabled=&#8221;off&#8221; button_bg_color__hover_enabled=&#8221;off&#8221; button_one_bg_color__hover_enabled=&#8221;off&#8221; button_two_bg_color__hover_enabled=&#8221;off&#8221;]<\/p>\n<p>\nLorem ipsum dolor sit amet, consectetur adipiscing elit. In in risus eget lectus suscipit malesuada. Maecenas ut urna mollis, aliquam eros at, laoreet metus.<\/p>\n<p>[\/et_pb_cta][\/et_pb_column][\/et_pb_row][\/et_pb_section]<\/p>\n","protected":false},"excerpt":{"rendered":"<p>&#8220;Tot en la vida es manifesta a trav\u00e9s d&#8217;energia o moviment&#8221;. MagounEspai funcionalUn dels objectius principals \u00e9s prevenir lesions i millorar l&#8217;estat de salut de l&#8217;individu; a trav\u00e9s de l&#8217;activaci\u00f3 [&hellip;]<\/p>\n","protected":false},"author":4,"featured_media":0,"parent":0,"menu_order":0,"comment_status":"closed","ping_status":"closed","template":"","meta":{"_bbp_topic_count":0,"_bbp_reply_count":0,"_bbp_total_topic_count":0,"_bbp_total_reply_count":0,"_bbp_voice_count":0,"_bbp_anonymous_reply_count":0,"_bbp_topic_count_hidden":0,"_bbp_reply_count_hidden":0,"_bbp_forum_subforum_count":0,"_et_pb_use_builder":"on","_et_pb_old_content":"","_et_gb_content_width":"","footnotes":""},"class_list":["post-1237","page","type-page","status-publish","hentry"],"yoast_head":"<!-- This site is optimized with the Yoast SEO plugin v26.8 - https:\/\/yoast.com\/product\/yoast-seo-wordpress\/ -->\n<title>\u25b7 Pilates \/ Hipopressius - OsteoSants<\/title>\n<meta name=\"robots\" content=\"index, follow, max-snippet:-1, max-image-preview:large, max-video-preview:-1\" \/>\n<link rel=\"canonical\" href=\"https:\/\/osteosants.com\/ca\/pilates\/\" \/>\n<meta property=\"og:locale\" content=\"ca_ES\" \/>\n<meta property=\"og:type\" content=\"article\" \/>\n<meta property=\"og:title\" content=\"\u25b7 Pilates \/ Hipopressius - OsteoSants\" \/>\n<meta property=\"og:description\" content=\"&quot;Tot en la vida es manifesta a trav\u00e9s d&#039;energia o moviment&quot;. MagounEspai funcionalUn dels objectius principals \u00e9s prevenir lesions i millorar l&#039;estat de salut de l&#039;individu; a trav\u00e9s de l&#039;activaci\u00f3 [&hellip;]\" \/>\n<meta property=\"og:url\" content=\"https:\/\/osteosants.com\/ca\/pilates\/\" \/>\n<meta property=\"og:site_name\" content=\"OsteoSants\" \/>\n<meta property=\"article:modified_time\" content=\"2023-09-12T14:37:28+00:00\" \/>\n<meta name=\"twitter:card\" content=\"summary_large_image\" \/>\n<meta name=\"twitter:label1\" content=\"Temps estimat de lectura\" \/>\n\t<meta name=\"twitter:data1\" content=\"11 minuts\" \/>\n<script type=\"application\/ld+json\" class=\"yoast-schema-graph\">{\"@context\":\"https:\/\/schema.org\",\"@graph\":[{\"@type\":\"WebPage\",\"@id\":\"https:\/\/osteosants.com\/ca\/pilates\/\",\"url\":\"https:\/\/osteosants.com\/ca\/pilates\/\",\"name\":\"\u25b7 Pilates \/ Hipopressius - OsteoSants\",\"isPartOf\":{\"@id\":\"https:\/\/osteosants.com\/ca\/#website\"},\"datePublished\":\"2017-02-09T12:28:18+00:00\",\"dateModified\":\"2023-09-12T14:37:28+00:00\",\"breadcrumb\":{\"@id\":\"https:\/\/osteosants.com\/ca\/pilates\/#breadcrumb\"},\"inLanguage\":\"ca\",\"potentialAction\":[{\"@type\":\"ReadAction\",\"target\":[\"https:\/\/osteosants.com\/ca\/pilates\/\"]}]},{\"@type\":\"BreadcrumbList\",\"@id\":\"https:\/\/osteosants.com\/ca\/pilates\/#breadcrumb\",\"itemListElement\":[{\"@type\":\"ListItem\",\"position\":1,\"name\":\"Inici\",\"item\":\"https:\/\/osteosants.com\/ca\/\"},{\"@type\":\"ListItem\",\"position\":2,\"name\":\"Pilates \/ Hipopressius\"}]},{\"@type\":\"WebSite\",\"@id\":\"https:\/\/osteosants.com\/ca\/#website\",\"url\":\"https:\/\/osteosants.com\/ca\/\",\"name\":\"OsteoSants\",\"description\":\"OsteoSants\",\"potentialAction\":[{\"@type\":\"SearchAction\",\"target\":{\"@type\":\"EntryPoint\",\"urlTemplate\":\"https:\/\/osteosants.com\/ca\/?s={search_term_string}\"},\"query-input\":{\"@type\":\"PropertyValueSpecification\",\"valueRequired\":true,\"valueName\":\"search_term_string\"}}],\"inLanguage\":\"ca\"}]}<\/script>\n<!-- \/ Yoast SEO plugin. -->","yoast_head_json":{"title":"\u25b7 Pilates \/ Hipopressius - OsteoSants","robots":{"index":"index","follow":"follow","max-snippet":"max-snippet:-1","max-image-preview":"max-image-preview:large","max-video-preview":"max-video-preview:-1"},"canonical":"https:\/\/osteosants.com\/ca\/pilates\/","og_locale":"ca_ES","og_type":"article","og_title":"\u25b7 Pilates \/ Hipopressius - OsteoSants","og_description":"\"Tot en la vida es manifesta a trav\u00e9s d'energia o moviment\". MagounEspai funcionalUn dels objectius principals \u00e9s prevenir lesions i millorar l'estat de salut de l'individu; a trav\u00e9s de l'activaci\u00f3 [&hellip;]","og_url":"https:\/\/osteosants.com\/ca\/pilates\/","og_site_name":"OsteoSants","article_modified_time":"2023-09-12T14:37:28+00:00","twitter_card":"summary_large_image","twitter_misc":{"Temps estimat de lectura":"11 minuts"},"schema":{"@context":"https:\/\/schema.org","@graph":[{"@type":"WebPage","@id":"https:\/\/osteosants.com\/ca\/pilates\/","url":"https:\/\/osteosants.com\/ca\/pilates\/","name":"\u25b7 Pilates \/ Hipopressius - OsteoSants","isPartOf":{"@id":"https:\/\/osteosants.com\/ca\/#website"},"datePublished":"2017-02-09T12:28:18+00:00","dateModified":"2023-09-12T14:37:28+00:00","breadcrumb":{"@id":"https:\/\/osteosants.com\/ca\/pilates\/#breadcrumb"},"inLanguage":"ca","potentialAction":[{"@type":"ReadAction","target":["https:\/\/osteosants.com\/ca\/pilates\/"]}]},{"@type":"BreadcrumbList","@id":"https:\/\/osteosants.com\/ca\/pilates\/#breadcrumb","itemListElement":[{"@type":"ListItem","position":1,"name":"Inici","item":"https:\/\/osteosants.com\/ca\/"},{"@type":"ListItem","position":2,"name":"Pilates \/ Hipopressius"}]},{"@type":"WebSite","@id":"https:\/\/osteosants.com\/ca\/#website","url":"https:\/\/osteosants.com\/ca\/","name":"OsteoSants","description":"OsteoSants","potentialAction":[{"@type":"SearchAction","target":{"@type":"EntryPoint","urlTemplate":"https:\/\/osteosants.com\/ca\/?s={search_term_string}"},"query-input":{"@type":"PropertyValueSpecification","valueRequired":true,"valueName":"search_term_string"}}],"inLanguage":"ca"}]}},"_links":{"self":[{"href":"https:\/\/osteosants.com\/ca\/wp-json\/wp\/v2\/pages\/1237","targetHints":{"allow":["GET"]}}],"collection":[{"href":"https:\/\/osteosants.com\/ca\/wp-json\/wp\/v2\/pages"}],"about":[{"href":"https:\/\/osteosants.com\/ca\/wp-json\/wp\/v2\/types\/page"}],"author":[{"embeddable":true,"href":"https:\/\/osteosants.com\/ca\/wp-json\/wp\/v2\/users\/4"}],"replies":[{"embeddable":true,"href":"https:\/\/osteosants.com\/ca\/wp-json\/wp\/v2\/comments?post=1237"}],"version-history":[{"count":4,"href":"https:\/\/osteosants.com\/ca\/wp-json\/wp\/v2\/pages\/1237\/revisions"}],"predecessor-version":[{"id":1792,"href":"https:\/\/osteosants.com\/ca\/wp-json\/wp\/v2\/pages\/1237\/revisions\/1792"}],"wp:attachment":[{"href":"https:\/\/osteosants.com\/ca\/wp-json\/wp\/v2\/media?parent=1237"}],"curies":[{"name":"wp","href":"https:\/\/api.w.org\/{rel}","templated":true}]}}