{"id":1342,"date":"2018-10-25T17:45:00","date_gmt":"2018-10-25T17:45:00","guid":{"rendered":"http:\/\/osteosants.com\/?page_id=1342\/"},"modified":"2025-03-21T11:41:46","modified_gmt":"2025-03-21T11:41:46","slug":"politica-de-cookies","status":"publish","type":"page","link":"https:\/\/osteosants.com\/ca\/politica-de-cookies\/","title":{"rendered":"Pol\u00edtica de Cookies"},"content":{"rendered":"<p>[et_pb_section fb_built=&#8221;1&#8243; admin_label=&#8221;section&#8221; _builder_version=&#8221;4.16&#8243; transparent_background=&#8221;off&#8221; make_fullwidth=&#8221;off&#8221; use_custom_width=&#8221;off&#8221; width_unit=&#8221;off&#8221; custom_width_px=&#8221;1080px&#8221; custom_width_percent=&#8221;80%&#8221; global_colors_info=&#8221;{}&#8221;][et_pb_row admin_label=&#8221;row&#8221; _builder_version=&#8221;4.16&#8243; background_size=&#8221;initial&#8221; background_position=&#8221;top_left&#8221; background_repeat=&#8221;repeat&#8221; make_fullwidth=&#8221;off&#8221; use_custom_width=&#8221;off&#8221; width_unit=&#8221;off&#8221; custom_width_px=&#8221;1080px&#8221; custom_width_percent=&#8221;80%&#8221; global_colors_info=&#8221;{}&#8221;][et_pb_column type=&#8221;4_4&#8243; _builder_version=&#8221;4.16&#8243; custom_padding=&#8221;|||&#8221; global_colors_info=&#8221;{}&#8221; custom_padding__hover=&#8221;|||&#8221;][et_pb_text admin_label=&#8221;Text&#8221; _builder_version=&#8221;4.17.4&#8243; background_size=&#8221;initial&#8221; background_position=&#8221;top_left&#8221; background_repeat=&#8221;repeat&#8221; hover_enabled=&#8221;0&#8243; use_border_color=&#8221;off&#8221; border_style=&#8221;solid&#8221; global_colors_info=&#8221;{}&#8221; text_font_size=&#8221;16px&#8221; sticky_enabled=&#8221;0&#8243;]<\/p>\n<p><strong>POL\u00cdTICA DE COOKIES<\/strong><\/p>\n<p class=\"p1\">Les cookies s\u00f3n petits fitxers que s&#8217;instal\u00b7len a l&#8217;ordinador de l&#8217;usuari i que permeten al responsable d&#8217;un servei millorar la manera d&#8217;interactuar entre els visitants i el lloc web. En alguns casos, la instal\u00b7laci\u00f3 d&#8217;aquestes cookies requereix el consentiment de l&#8217;usuari.<\/p>\n<p class=\"p1\">Hi ha diferents classes de cookies, afectades i no afectades per la Llei:<\/p>\n<p class=\"p1\">Cookies no afectades:<\/p>\n<ul class=\"ul1\">\n<li class=\"li1\">T\u00e8cniques: S\u00f3n necess\u00e0ries per a la navegaci\u00f3. Sense elles la p\u00e0gina no funcionaria adequadament.<\/li>\n<li class=\"li1\">De personalitzaci\u00f3 o configuraci\u00f3: Permeten que la p\u00e0gina reconegui l&#8217;idioma de l&#8217;usuari, la mida de lletres, etc.<\/li>\n<li class=\"li1\">De seguretat: Impedeixen o dificulten atacs contra el lloc web o els usuaris.<\/li>\n<\/ul>\n<p class=\"p1\">Cookies afectades:<\/p>\n<ul class=\"ul1\">\n<li class=\"li1\">Anal\u00edtiques: permeten mesurar l&#8217;activitat dels usuaris i elaborar estad\u00edstiques de navegaci\u00f3.<\/li>\n<li class=\"li1\">Publicit\u00e0ries: Gestionen la freq\u00fc\u00e8ncia i el contingut dels anuncis.<\/li>\n<li class=\"li1\">De seguiment: Emmagatzemen informaci\u00f3 sobre els usuaris per mostrar publicitat personalitzada.<\/li>\n<\/ul>\n<p class=\"p1\">\u201cOsteoSants\u201d informa que el lloc web utilitza les seg\u00fcents cookies al domini osteosants.com:<\/p>\n<p class=\"p1\"><span class=\"s1\">Cookies t\u00e8cniques necess\u00e0ries<\/span>: Les cookies t\u00e8cniques necess\u00e0ries ajuden a fer que un lloc web sigui utilitzable habilitant funcions b\u00e0siques com ara la navegaci\u00f3 per p\u00e0gines i l&#8217;acc\u00e9s a \u00e0rees segures del lloc web. El lloc web no pot funcionar correctament sense aquestes cookies.<\/p>\n<table cellspacing=\"0\" cellpadding=\"0\" class=\"t1\">\n<tbody>\n<tr>\n<td valign=\"middle\" class=\"td1\">\n<p class=\"p3\">Domini<\/p>\n<\/td>\n<td valign=\"middle\" class=\"td1\">\n<p class=\"p3\">Titularitat<\/p>\n<\/td>\n<td valign=\"middle\" class=\"td1\">\n<p class=\"p3\">Nom<\/p>\n<\/td>\n<td valign=\"middle\" class=\"td1\">\n<p class=\"p3\">Funci\u00f3<\/p>\n<\/td>\n<td valign=\"middle\" class=\"td1\">\n<p class=\"p3\">Duraci\u00f3<\/p>\n<\/td>\n<\/tr>\n<tr>\n<td valign=\"middle\" class=\"td1\">\n<p class=\"p3\">google.com<\/p>\n<\/td>\n<td valign=\"middle\" class=\"td1\">\n<p class=\"p4\">\u201cOsteoSants\u201d<\/p>\n<\/td>\n<td valign=\"middle\" class=\"td1\">\n<p class=\"p3\">rc::a<\/p>\n<\/td>\n<td valign=\"middle\" class=\"td1\">\n<p class=\"p4\">Aquesta cookie \u00e9s establerta pel servei reCAPTCHA de Google per identificar bots i protegir el lloc web contra atacs de correu brossa maliciosos.<\/p>\n<\/td>\n<td valign=\"middle\" class=\"td1\">\n<p class=\"p3\">Permanent<\/p>\n<\/td>\n<\/tr>\n<tr>\n<td valign=\"middle\" class=\"td1\">\n<p class=\"p3\">google.com<\/p>\n<\/td>\n<td valign=\"middle\" class=\"td1\">\n<p class=\"p4\">\u201cOsteoSants\u201d<\/p>\n<\/td>\n<td valign=\"middle\" class=\"td1\">\n<p class=\"p3\">rc::c<\/p>\n<\/td>\n<td valign=\"middle\" class=\"td1\">\n<p class=\"p4\">Aquesta cookie \u00e9s establerta pel servei reCAPTCHA de Google per identificar bots i protegir el lloc web contra atacs de correu brossa maliciosos.<\/p>\n<\/td>\n<td valign=\"middle\" class=\"td1\">\n<p class=\"p3\">Sessi\u00f3<\/p>\n<\/td>\n<\/tr>\n<tr>\n<td valign=\"middle\" class=\"td1\">\n<p class=\"p3\">google.com<\/p>\n<\/td>\n<td valign=\"middle\" class=\"td1\">\n<p class=\"p4\">\u201cOsteoSants\u201d<\/p>\n<\/td>\n<td valign=\"middle\" class=\"td1\">\n<p class=\"p3\">_GRECAPTCHA<\/p>\n<\/td>\n<td valign=\"middle\" class=\"td1\">\n<p class=\"p4\">Google reCAPTCHA estableix una cookie necess\u00e0ria (_GRECAPTCHA) quan s&#8217;executa amb el prop\u00f2sit de dur a terme la seva an\u00e0lisi de riscos.<\/p>\n<\/td>\n<td valign=\"middle\" class=\"td1\">\n<p class=\"p3\">6 mesos<\/p>\n<\/td>\n<\/tr>\n<\/tbody>\n<\/table>\n<p class=\"p1\">Per a m\u00e9s informaci\u00f3 de com gestionar les cookies consulteu els seg\u00fcents enlla\u00e7os:<\/p>\n<p class=\"p1\">Chrome des d&#8217;aqu\u00ed: <a href=\"http:\/\/support.google.com\/chrome\/bin\/answer.py?hl=ca&amp;answer=95647\">http:\/\/support.google.com\/chrome\/bin\/answer.py?hl=ca&amp;answer=95647<\/a><\/p>\n<p class=\"p1\">Firefox des d&#8217;aqu\u00ed: <a href=\"http:\/\/support.mozilla.org\/es\/kb\/habilitar-y-deshabilitar-cookies-que-los-sitios-we\">http:\/\/support.mozilla.org\/es\/kb\/habilitar-y-deshabilitar-cookies-que-los-sitios-we<\/a><\/p>\n<p class=\"p1\">Explorer des d&#8217;aqu\u00ed: <a href=\"https:\/\/support.microsoft.com\/ca-help\/17442\/windows-internet-explorer-delete-manage-cookies\">https:\/\/support.microsoft.com\/ca-help\/17442\/windows-internet-explorer-delete-manage-cookies<\/a><\/p>\n<p class=\"p1\">Safari des d&#8217;aqu\u00ed: <a href=\"http:\/\/support.apple.com\/kb\/ph5042\">http:\/\/support.apple.com\/kb\/ph5042<\/a><\/p>\n<p class=\"p1\">Opera des d&#8217;aqu\u00ed: <a href=\"http:\/\/help.opera.com\/Windows\/11.50\/ca-ES\/cookies.html\">http:\/\/help.opera.com\/Windows\/11.50\/ca-ES\/cookies.html<\/a><\/p>\n<p class=\"p1\"><strong>SERVEIS A TERCERS<\/strong><\/p>\n<p class=\"p1\">Addicionalment, \u201cOsteoSants\u201d t\u00e9 pres\u00e8ncia en portals per als quals, si voleu con\u00e8ixer les condicions de privadesa i \u00fas de cookies, caldr\u00e0 consultar les pol\u00edtiques proporcionades pels mateixos:<\/p>\n<p class=\"p1\">Facebook: <a href=\"https:\/\/www.facebook.com\/policies\/cookies\/\">https:\/\/www.facebook.com\/policies\/cookies\/<\/a><\/p>\n<p class=\"p1\">Twitter: <a href=\"https:\/\/twitter.com\/privacy\">https:\/\/twitter.com\/privacy<\/a><\/p>\n<p class=\"p1\">Youtube: <a href=\"https:\/\/policies.google.com\/technologies\/cookies?hl=ca\">https:\/\/policies.google.com\/technologies\/cookies?hl=ca<\/a><\/p>\n<p class=\"p1\">Linkedin: <a href=\"http:\/\/www.linkedin.com\/legal\/privacy-policy\">http:\/\/www.linkedin.com\/legal\/privacy-policy<\/a><\/p>\n<p class=\"p1\">Google: <a href=\"https:\/\/policies.google.com\/technologies\/cookies?hl=ca\">https:\/\/policies.google.com\/technologies\/cookies?hl=ca<\/a><\/p>\n<p class=\"p1\">Instagram: <a href=\"https:\/\/help.instagram.com\/\">https:\/\/help.instagram.com\/<\/a><\/p>\n<p>[\/et_pb_text][\/et_pb_column][\/et_pb_row][\/et_pb_section]<\/p>\n","protected":false},"excerpt":{"rendered":"<p>POL\u00cdTICA DE COOKIES Les cookies s\u00f3n petits fitxers que s&#8217;instal\u00b7len a l&#8217;ordinador de l&#8217;usuari i que permeten al responsable d&#8217;un servei millorar la manera d&#8217;interactuar entre els visitants i el [&hellip;]<\/p>\n","protected":false},"author":4,"featured_media":0,"parent":0,"menu_order":0,"comment_status":"closed","ping_status":"closed","template":"","meta":{"_bbp_topic_count":0,"_bbp_reply_count":0,"_bbp_total_topic_count":0,"_bbp_total_reply_count":0,"_bbp_voice_count":0,"_bbp_anonymous_reply_count":0,"_bbp_topic_count_hidden":0,"_bbp_reply_count_hidden":0,"_bbp_forum_subforum_count":0,"_et_pb_use_builder":"on","_et_pb_old_content":"","_et_gb_content_width":"","footnotes":""},"class_list":["post-1342","page","type-page","status-publish","hentry"],"yoast_head":"<!-- This site is optimized with the Yoast SEO plugin v26.8 - https:\/\/yoast.com\/product\/yoast-seo-wordpress\/ -->\n<title>\u25b7 Pol\u00edtica de Cookies - OsteoSants<\/title>\n<meta name=\"robots\" content=\"index, follow, max-snippet:-1, max-image-preview:large, max-video-preview:-1\" \/>\n<link rel=\"canonical\" href=\"https:\/\/osteosants.com\/ca\/politica-de-cookies\/\" \/>\n<meta property=\"og:locale\" content=\"ca_ES\" \/>\n<meta property=\"og:type\" content=\"article\" \/>\n<meta property=\"og:title\" content=\"\u25b7 Pol\u00edtica de Cookies - OsteoSants\" \/>\n<meta property=\"og:description\" content=\"POL\u00cdTICA DE COOKIES Les cookies s\u00f3n petits fitxers que s&#039;instal\u00b7len a l&#039;ordinador de l&#039;usuari i que permeten al responsable d&#039;un servei millorar la manera d&#039;interactuar entre els visitants i el [&hellip;]\" \/>\n<meta property=\"og:url\" content=\"https:\/\/osteosants.com\/ca\/politica-de-cookies\/\" \/>\n<meta property=\"og:site_name\" content=\"OsteoSants\" \/>\n<meta property=\"article:modified_time\" content=\"2025-03-21T11:41:46+00:00\" \/>\n<meta name=\"twitter:card\" content=\"summary_large_image\" \/>\n<meta name=\"twitter:label1\" content=\"Temps estimat de lectura\" \/>\n\t<meta name=\"twitter:data1\" content=\"3 minuts\" \/>\n<script type=\"application\/ld+json\" class=\"yoast-schema-graph\">{\"@context\":\"https:\/\/schema.org\",\"@graph\":[{\"@type\":\"WebPage\",\"@id\":\"https:\/\/osteosants.com\/ca\/politica-de-cookies\/\",\"url\":\"https:\/\/osteosants.com\/ca\/politica-de-cookies\/\",\"name\":\"\u25b7 Pol\u00edtica de Cookies - OsteoSants\",\"isPartOf\":{\"@id\":\"https:\/\/osteosants.com\/ca\/#website\"},\"datePublished\":\"2018-10-25T17:45:00+00:00\",\"dateModified\":\"2025-03-21T11:41:46+00:00\",\"breadcrumb\":{\"@id\":\"https:\/\/osteosants.com\/ca\/politica-de-cookies\/#breadcrumb\"},\"inLanguage\":\"ca\",\"potentialAction\":[{\"@type\":\"ReadAction\",\"target\":[\"https:\/\/osteosants.com\/ca\/politica-de-cookies\/\"]}]},{\"@type\":\"BreadcrumbList\",\"@id\":\"https:\/\/osteosants.com\/ca\/politica-de-cookies\/#breadcrumb\",\"itemListElement\":[{\"@type\":\"ListItem\",\"position\":1,\"name\":\"Inici\",\"item\":\"https:\/\/osteosants.com\/ca\/\"},{\"@type\":\"ListItem\",\"position\":2,\"name\":\"Pol\u00edtica de Cookies\"}]},{\"@type\":\"WebSite\",\"@id\":\"https:\/\/osteosants.com\/ca\/#website\",\"url\":\"https:\/\/osteosants.com\/ca\/\",\"name\":\"OsteoSants\",\"description\":\"OsteoSants\",\"potentialAction\":[{\"@type\":\"SearchAction\",\"target\":{\"@type\":\"EntryPoint\",\"urlTemplate\":\"https:\/\/osteosants.com\/ca\/?s={search_term_string}\"},\"query-input\":{\"@type\":\"PropertyValueSpecification\",\"valueRequired\":true,\"valueName\":\"search_term_string\"}}],\"inLanguage\":\"ca\"}]}<\/script>\n<!-- \/ Yoast SEO plugin. -->","yoast_head_json":{"title":"\u25b7 Pol\u00edtica de Cookies - OsteoSants","robots":{"index":"index","follow":"follow","max-snippet":"max-snippet:-1","max-image-preview":"max-image-preview:large","max-video-preview":"max-video-preview:-1"},"canonical":"https:\/\/osteosants.com\/ca\/politica-de-cookies\/","og_locale":"ca_ES","og_type":"article","og_title":"\u25b7 Pol\u00edtica de Cookies - OsteoSants","og_description":"POL\u00cdTICA DE COOKIES Les cookies s\u00f3n petits fitxers que s'instal\u00b7len a l'ordinador de l'usuari i que permeten al responsable d'un servei millorar la manera d'interactuar entre els visitants i el [&hellip;]","og_url":"https:\/\/osteosants.com\/ca\/politica-de-cookies\/","og_site_name":"OsteoSants","article_modified_time":"2025-03-21T11:41:46+00:00","twitter_card":"summary_large_image","twitter_misc":{"Temps estimat de lectura":"3 minuts"},"schema":{"@context":"https:\/\/schema.org","@graph":[{"@type":"WebPage","@id":"https:\/\/osteosants.com\/ca\/politica-de-cookies\/","url":"https:\/\/osteosants.com\/ca\/politica-de-cookies\/","name":"\u25b7 Pol\u00edtica de Cookies - OsteoSants","isPartOf":{"@id":"https:\/\/osteosants.com\/ca\/#website"},"datePublished":"2018-10-25T17:45:00+00:00","dateModified":"2025-03-21T11:41:46+00:00","breadcrumb":{"@id":"https:\/\/osteosants.com\/ca\/politica-de-cookies\/#breadcrumb"},"inLanguage":"ca","potentialAction":[{"@type":"ReadAction","target":["https:\/\/osteosants.com\/ca\/politica-de-cookies\/"]}]},{"@type":"BreadcrumbList","@id":"https:\/\/osteosants.com\/ca\/politica-de-cookies\/#breadcrumb","itemListElement":[{"@type":"ListItem","position":1,"name":"Inici","item":"https:\/\/osteosants.com\/ca\/"},{"@type":"ListItem","position":2,"name":"Pol\u00edtica de Cookies"}]},{"@type":"WebSite","@id":"https:\/\/osteosants.com\/ca\/#website","url":"https:\/\/osteosants.com\/ca\/","name":"OsteoSants","description":"OsteoSants","potentialAction":[{"@type":"SearchAction","target":{"@type":"EntryPoint","urlTemplate":"https:\/\/osteosants.com\/ca\/?s={search_term_string}"},"query-input":{"@type":"PropertyValueSpecification","valueRequired":true,"valueName":"search_term_string"}}],"inLanguage":"ca"}]}},"_links":{"self":[{"href":"https:\/\/osteosants.com\/ca\/wp-json\/wp\/v2\/pages\/1342","targetHints":{"allow":["GET"]}}],"collection":[{"href":"https:\/\/osteosants.com\/ca\/wp-json\/wp\/v2\/pages"}],"about":[{"href":"https:\/\/osteosants.com\/ca\/wp-json\/wp\/v2\/types\/page"}],"author":[{"embeddable":true,"href":"https:\/\/osteosants.com\/ca\/wp-json\/wp\/v2\/users\/4"}],"replies":[{"embeddable":true,"href":"https:\/\/osteosants.com\/ca\/wp-json\/wp\/v2\/comments?post=1342"}],"version-history":[{"count":7,"href":"https:\/\/osteosants.com\/ca\/wp-json\/wp\/v2\/pages\/1342\/revisions"}],"predecessor-version":[{"id":1825,"href":"https:\/\/osteosants.com\/ca\/wp-json\/wp\/v2\/pages\/1342\/revisions\/1825"}],"wp:attachment":[{"href":"https:\/\/osteosants.com\/ca\/wp-json\/wp\/v2\/media?parent=1342"}],"curies":[{"name":"wp","href":"https:\/\/api.w.org\/{rel}","templated":true}]}}