{"id":135,"date":"2016-06-13T11:41:25","date_gmt":"2016-06-13T11:41:25","guid":{"rendered":"http:\/\/osteosants.com\/equipo\/"},"modified":"2023-09-12T15:00:49","modified_gmt":"2023-09-12T15:00:49","slug":"equipo","status":"publish","type":"page","link":"https:\/\/osteosants.com\/es\/equipo\/","title":{"rendered":"EQUIPO"},"content":{"rendered":"<p>[et_pb_section fb_built=\u00bb1&#8243; admin_label=\u00bbSecci\u00f3n\u00bb _builder_version=\u00bb4.17.4&#8243; background_color=\u00bb#bad29e\u00bb custom_margin=\u00bb-46px|||||\u00bb transparent_background=\u00bboff\u00bb make_fullwidth=\u00bboff\u00bb use_custom_width=\u00bboff\u00bb width_unit=\u00bboff\u00bb custom_width_px=\u00bb1080px\u00bb custom_width_percent=\u00bb80%\u00bb global_colors_info=\u00bb{}\u00bb][et_pb_row admin_label=\u00bbFila\u00bb module_class=\u00bb et_pb_row_fullwidth\u00bb _builder_version=\u00bb4.16&#8243; background_size=\u00bbinitial\u00bb background_position=\u00bbtop_left\u00bb background_repeat=\u00bbrepeat\u00bb width=\u00bb89%\u00bb width_tablet=\u00bb80%\u00bb width_phone=\u00bb\u00bb width_last_edited=\u00bbon|desktop\u00bb max_width=\u00bb89%\u00bb max_width_tablet=\u00bb80%\u00bb max_width_phone=\u00bb\u00bb max_width_last_edited=\u00bbon|desktop\u00bb make_fullwidth=\u00bbon\u00bb use_custom_width=\u00bboff\u00bb width_unit=\u00bbon\u00bb custom_width_px=\u00bb1080px\u00bb custom_width_percent=\u00bb80%\u00bb global_colors_info=\u00bb{}\u00bb][et_pb_column type=\u00bb4_4&#8243; _builder_version=\u00bb4.16&#8243; custom_padding=\u00bb|||\u00bb global_colors_info=\u00bb{}\u00bb custom_padding__hover=\u00bb|||\u00bb][et_pb_text _builder_version=\u00bb4.17.4&#8243; _module_preset=\u00bbdefault\u00bb background_layout=\u00bbdark\u00bb global_colors_info=\u00bb{}\u00bb]<\/p>\n<h2>El equipo de Osteosants<\/h2>\n<p>[\/et_pb_text][\/et_pb_column][\/et_pb_row][\/et_pb_section][et_pb_section fb_built=\u00bb1&#8243; admin_label=\u00bbSecci\u00f3n\u00bb _builder_version=\u00bb4.16&#8243; custom_padding=\u00bb||1px|||\u00bb transparent_background=\u00bboff\u00bb make_fullwidth=\u00bboff\u00bb use_custom_width=\u00bboff\u00bb width_unit=\u00bboff\u00bb custom_width_px=\u00bb1080px\u00bb custom_width_percent=\u00bb80%\u00bb global_colors_info=\u00bb{}\u00bb][et_pb_row column_structure=\u00bb1_3,1_3,1_3&#8243; admin_label=\u00bbFila\u00bb module_class=\u00bb et_pb_row_fullwidth\u00bb _builder_version=\u00bb4.16&#8243; background_size=\u00bbinitial\u00bb background_position=\u00bbtop_left\u00bb background_repeat=\u00bbrepeat\u00bb width=\u00bb89%\u00bb width_tablet=\u00bb80%\u00bb width_phone=\u00bb\u00bb width_last_edited=\u00bbon|desktop\u00bb max_width=\u00bb89%\u00bb max_width_tablet=\u00bb80%\u00bb max_width_phone=\u00bb\u00bb max_width_last_edited=\u00bbon|desktop\u00bb custom_padding=\u00bb||0px|||\u00bb make_fullwidth=\u00bbon\u00bb use_custom_width=\u00bboff\u00bb width_unit=\u00bbon\u00bb custom_width_px=\u00bb1080px\u00bb custom_width_percent=\u00bb80%\u00bb global_colors_info=\u00bb{}\u00bb][et_pb_column type=\u00bb1_3&#8243; _builder_version=\u00bb4.16&#8243; custom_padding=\u00bb|||\u00bb global_colors_info=\u00bb{}\u00bb custom_padding__hover=\u00bb|||\u00bb][et_pb_image src=\u00bbhttps:\/\/osteosants.com\/wp-content\/uploads\/2023\/08\/nadia.jpg\u00bb title_text=\u00bbnadia\u00bb url=\u00bbhttps:\/\/osteosants.com\/wp-content\/uploads\/2023\/08\/OS_nadia.pdf\u00bb force_fullwidth=\u00bbon\u00bb align_tablet=\u00bbcenter\u00bb align_phone=\u00bb\u00bb align_last_edited=\u00bbon|desktop\u00bb admin_label=\u00bbImagen\u00bb _builder_version=\u00bb4.17.4&#8243; animation_style=\u00bbslide\u00bb animation_direction=\u00bbleft\u00bb animation_duration=\u00bb500ms\u00bb animation_intensity_slide=\u00bb10%\u00bb border_width_all=\u00bb2px\u00bb border_color_all=\u00bb#ffffff\u00bb border_style_all=\u00bbridge\u00bb use_border_color=\u00bbon\u00bb border_color=\u00bb#ffffff\u00bb border_width=\u00bb2px\u00bb border_style=\u00bbridge\u00bb sticky=\u00bboff\u00bb always_center_on_mobile=\u00bbon\u00bb global_colors_info=\u00bb{}\u00bb][\/et_pb_image][et_pb_text admin_label=\u00bbTexto\u00bb _builder_version=\u00bb4.17.4&#8243; text_font_size=\u00bb18&#8243; text_line_height=\u00bb1.8em\u00bb background_size=\u00bbinitial\u00bb background_position=\u00bbtop_left\u00bb background_repeat=\u00bbrepeat\u00bb custom_padding=\u00bb||10px|||\u00bb link_option_url=\u00bbhttps:\/\/osteosants.com\/wp-content\/uploads\/2023\/08\/OS_nadia.pdf\u00bb use_border_color=\u00bboff\u00bb border_style=\u00bbsolid\u00bb global_colors_info=\u00bb{}\u00bb]<\/p>\n<h2><a href=\"https:\/\/osteosants.com\/wp-content\/uploads\/2023\/08\/OS_nadia.pdf\">Nadia Forcada<\/a><\/h2>\n<p><em>Oste\u00f3pata y Fisioterapeuta<\/em><\/p>\n<p>&nbsp;<\/p>\n<p class=\"p1 et-fb-mce-line-break-holder\">[\/et_pb_text][\/et_pb_column][et_pb_column type=\u00bb1_3&#8243; _builder_version=\u00bb4.16&#8243; custom_padding=\u00bb|||\u00bb global_colors_info=\u00bb{}\u00bb custom_padding__hover=\u00bb|||\u00bb][et_pb_image src=\u00bbhttps:\/\/osteosants.com\/wp-content\/uploads\/2023\/08\/photo_2023-07-05-13.57.29.jpeg\u00bb title_text=\u00bbphoto_2023-07-05 13.57.29&#8243; url=\u00bbhttps:\/\/osteosants.com\/wp-content\/uploads\/2023\/08\/OS_irene.pdf\u00bb force_fullwidth=\u00bbon\u00bb align_tablet=\u00bbcenter\u00bb align_phone=\u00bb\u00bb align_last_edited=\u00bbon|desktop\u00bb admin_label=\u00bbImagen\u00bb _builder_version=\u00bb4.17.4&#8243; animation_style=\u00bbslide\u00bb animation_direction=\u00bbtop\u00bb animation_duration=\u00bb500ms\u00bb animation_intensity_slide=\u00bb10%\u00bb border_width_all=\u00bb2px\u00bb border_color_all=\u00bb#ffffff\u00bb border_style_all=\u00bbridge\u00bb use_border_color=\u00bbon\u00bb border_color=\u00bb#ffffff\u00bb border_width=\u00bb2px\u00bb border_style=\u00bbridge\u00bb animation=\u00bbtop\u00bb sticky=\u00bboff\u00bb always_center_on_mobile=\u00bbon\u00bb global_colors_info=\u00bb{}\u00bb][\/et_pb_image][et_pb_text admin_label=\u00bbTexto\u00bb _builder_version=\u00bb4.17.4&#8243; text_font=\u00bbLato||||||||\u00bb text_font_size=\u00bb18&#8243; text_line_height=\u00bb1.8em\u00bb background_size=\u00bbinitial\u00bb background_position=\u00bbtop_left\u00bb background_repeat=\u00bbrepeat\u00bb link_option_url=\u00bbhttps:\/\/osteosants.com\/wp-content\/uploads\/2023\/08\/OS_irene.pdf\u00bb use_border_color=\u00bboff\u00bb border_style=\u00bbsolid\u00bb global_colors_info=\u00bb{}\u00bb]<\/p>\n<h2><a href=\"https:\/\/osteosants.com\/wp-content\/uploads\/2023\/08\/OS_irene.pdf\">Irene Lacasa<\/a><\/h2>\n<p><em>Oste\u00f3pata y Fisioterapeuta<\/em><\/p>\n<p>[\/et_pb_text][\/et_pb_column][et_pb_column type=\u00bb1_3&#8243; _builder_version=\u00bb4.16&#8243; custom_padding=\u00bb|||\u00bb global_colors_info=\u00bb{}\u00bb custom_padding__hover=\u00bb|||\u00bb][et_pb_image src=\u00bbhttps:\/\/osteosants.com\/wp-content\/uploads\/2023\/08\/photo_2023-07-05-13.57.27.jpeg\u00bb title_text=\u00bbphoto_2023-07-05 13.57.27&#8243; url=\u00bbhttps:\/\/osteosants.com\/wp-content\/uploads\/2023\/08\/OS_helena.pdf\u00bb force_fullwidth=\u00bbon\u00bb align_tablet=\u00bbcenter\u00bb align_phone=\u00bb\u00bb align_last_edited=\u00bbon|desktop\u00bb admin_label=\u00bbImagen\u00bb _builder_version=\u00bb4.17.4&#8243; animation_style=\u00bbslide\u00bb animation_direction=\u00bbright\u00bb animation_duration=\u00bb500ms\u00bb animation_intensity_slide=\u00bb10%\u00bb border_width_all=\u00bb2px\u00bb border_color_all=\u00bb#ffffff\u00bb border_style_all=\u00bbridge\u00bb use_border_color=\u00bbon\u00bb border_color=\u00bb#ffffff\u00bb border_width=\u00bb2px\u00bb border_style=\u00bbridge\u00bb animation=\u00bbright\u00bb sticky=\u00bboff\u00bb always_center_on_mobile=\u00bbon\u00bb global_colors_info=\u00bb{}\u00bb][\/et_pb_image][et_pb_text admin_label=\u00bbTexto\u00bb _builder_version=\u00bb4.17.4&#8243; text_font_size=\u00bb18&#8243; text_line_height=\u00bb1.8em\u00bb background_size=\u00bbinitial\u00bb background_position=\u00bbtop_left\u00bb background_repeat=\u00bbrepeat\u00bb link_option_url=\u00bbhttps:\/\/osteosants.com\/wp-content\/uploads\/2023\/08\/OS_helena.pdf\u00bb use_border_color=\u00bboff\u00bb border_style=\u00bbsolid\u00bb global_colors_info=\u00bb{}\u00bb]<\/p>\n<h2><a href=\"https:\/\/osteosants.com\/wp-content\/uploads\/2023\/08\/OS_helena.pdf\">Helena Giron\u00e8s<\/a><\/h2>\n<p><em>Oste\u00f3pata y Fisioterapeuta<\/em><\/p>\n<p>[\/et_pb_text][\/et_pb_column][\/et_pb_row][et_pb_row column_structure=\u00bb1_3,1_3,1_3&#8243; admin_label=\u00bbFila\u00bb module_class=\u00bb et_pb_row_fullwidth\u00bb _builder_version=\u00bb4.16&#8243; background_size=\u00bbinitial\u00bb background_position=\u00bbtop_left\u00bb background_repeat=\u00bbrepeat\u00bb width=\u00bb89%\u00bb width_tablet=\u00bb80%\u00bb width_phone=\u00bb\u00bb width_last_edited=\u00bbon|desktop\u00bb max_width=\u00bb89%\u00bb max_width_tablet=\u00bb80%\u00bb max_width_phone=\u00bb\u00bb max_width_last_edited=\u00bbon|desktop\u00bb custom_padding=\u00bb||0px|||\u00bb make_fullwidth=\u00bbon\u00bb use_custom_width=\u00bboff\u00bb width_unit=\u00bbon\u00bb custom_width_px=\u00bb1080px\u00bb custom_width_percent=\u00bb80%\u00bb global_colors_info=\u00bb{}\u00bb][et_pb_column type=\u00bb1_3&#8243; _builder_version=\u00bb4.16&#8243; custom_padding=\u00bb|||\u00bb global_colors_info=\u00bb{}\u00bb custom_padding__hover=\u00bb|||\u00bb][et_pb_image src=\u00bbhttps:\/\/osteosants.com\/wp-content\/uploads\/2023\/08\/photo_2023-07-05-13.57.25.jpeg\u00bb title_text=\u00bbphoto_2023-07-05 13.57.25&#8243; url=\u00bbhttps:\/\/osteosants.com\/wp-content\/uploads\/2023\/08\/OS_claudia.pdf\u00bb force_fullwidth=\u00bbon\u00bb align_tablet=\u00bbcenter\u00bb align_phone=\u00bb\u00bb align_last_edited=\u00bbon|desktop\u00bb admin_label=\u00bbImagen\u00bb _builder_version=\u00bb4.17.4&#8243; animation_style=\u00bbslide\u00bb animation_direction=\u00bbleft\u00bb animation_duration=\u00bb500ms\u00bb animation_intensity_slide=\u00bb10%\u00bb border_width_all=\u00bb2px\u00bb border_color_all=\u00bb#ffffff\u00bb border_style_all=\u00bbridge\u00bb use_border_color=\u00bbon\u00bb border_color=\u00bb#ffffff\u00bb border_width=\u00bb2px\u00bb border_style=\u00bbridge\u00bb sticky=\u00bboff\u00bb always_center_on_mobile=\u00bbon\u00bb global_colors_info=\u00bb{}\u00bb][\/et_pb_image][et_pb_text admin_label=\u00bbTexto\u00bb _builder_version=\u00bb4.17.4&#8243; text_font_size=\u00bb18&#8243; text_line_height=\u00bb1.8em\u00bb background_size=\u00bbinitial\u00bb background_position=\u00bbtop_left\u00bb background_repeat=\u00bbrepeat\u00bb custom_padding=\u00bb||0px|||\u00bb link_option_url=\u00bbhttps:\/\/osteosants.com\/wp-content\/uploads\/2023\/08\/OS_claudia.pdf\u00bb use_border_color=\u00bboff\u00bb border_style=\u00bbsolid\u00bb global_colors_info=\u00bb{}\u00bb]<\/p>\n<h2><a href=\"https:\/\/osteosants.com\/wp-content\/uploads\/2023\/08\/OS_claudia.pdf\">Claudia \u00c1guila<\/a><\/h2>\n<p><em>Fisioterapeuta<\/em><\/p>\n<p>&nbsp;<\/p>\n<p><i><\/i><\/p>\n<p>&nbsp;<\/p>\n<p class=\"p1 et-fb-mce-line-break-holder\">[\/et_pb_text][\/et_pb_column][et_pb_column type=\u00bb1_3&#8243; _builder_version=\u00bb4.16&#8243; custom_padding=\u00bb|||\u00bb global_colors_info=\u00bb{}\u00bb custom_padding__hover=\u00bb|||\u00bb][et_pb_image src=\u00bbhttps:\/\/osteosants.com\/wp-content\/uploads\/2023\/08\/photo_2023-07-05-13.57.30.jpeg\u00bb title_text=\u00bbphoto_2023-07-05 13.57.30&#8243; url=\u00bbhttps:\/\/osteosants.com\/wp-content\/uploads\/2023\/08\/OS_fer-1.pdf\u00bb force_fullwidth=\u00bbon\u00bb align_tablet=\u00bbcenter\u00bb align_phone=\u00bb\u00bb align_last_edited=\u00bbon|desktop\u00bb admin_label=\u00bbImagen\u00bb _builder_version=\u00bb4.17.4&#8243; animation_style=\u00bbslide\u00bb animation_direction=\u00bbtop\u00bb animation_duration=\u00bb500ms\u00bb animation_intensity_slide=\u00bb10%\u00bb border_width_all=\u00bb2px\u00bb border_color_all=\u00bb#ffffff\u00bb border_style_all=\u00bbridge\u00bb use_border_color=\u00bbon\u00bb border_color=\u00bb#ffffff\u00bb border_width=\u00bb2px\u00bb border_style=\u00bbridge\u00bb animation=\u00bbtop\u00bb sticky=\u00bboff\u00bb always_center_on_mobile=\u00bbon\u00bb global_colors_info=\u00bb{}\u00bb][\/et_pb_image][et_pb_text admin_label=\u00bbTexto\u00bb _builder_version=\u00bb4.17.4&#8243; text_font=\u00bbLato||||||||\u00bb text_font_size=\u00bb18&#8243; text_line_height=\u00bb1.8em\u00bb background_size=\u00bbinitial\u00bb background_position=\u00bbtop_left\u00bb background_repeat=\u00bbrepeat\u00bb link_option_url=\u00bbhttps:\/\/osteosants.com\/wp-content\/uploads\/2023\/08\/OS_fer-1.pdf\u00bb use_border_color=\u00bboff\u00bb border_style=\u00bbsolid\u00bb global_colors_info=\u00bb{}\u00bb]<\/p>\n<h2><a href=\"https:\/\/osteosants.com\/wp-content\/uploads\/2023\/08\/OS_fer-1.pdf\">Fernando Font\u00e1n<\/a><\/h2>\n<p><em>Oste\u00f3pata y Fisioterapeuta<\/em><\/p>\n<p>[\/et_pb_text][\/et_pb_column][et_pb_column type=\u00bb1_3&#8243; _builder_version=\u00bb4.16&#8243; custom_padding=\u00bb|||\u00bb global_colors_info=\u00bb{}\u00bb custom_padding__hover=\u00bb|||\u00bb][\/et_pb_column][\/et_pb_row][\/et_pb_section][et_pb_section fb_built=\u00bb1&#8243; custom_padding_last_edited=\u00bbon|desktop\u00bb admin_label=\u00bbsection\u00bb _builder_version=\u00bb4.17.4&#8243; background_color=\u00bb#bad29e\u00bb custom_padding_tablet=\u00bb50px|0|50px|0&#8243; custom_padding_phone=\u00bb\u00bb transparent_background=\u00bboff\u00bb padding_mobile=\u00bboff\u00bb make_fullwidth=\u00bboff\u00bb use_custom_width=\u00bboff\u00bb width_unit=\u00bbon\u00bb custom_width_px=\u00bb1080px\u00bb custom_width_percent=\u00bb80%\u00bb global_colors_info=\u00bb{}\u00bb][et_pb_row disabled_on=\u00bboff|off|off\u00bb admin_label=\u00bbrow\u00bb _builder_version=\u00bb4.17.4&#8243; background_color=\u00bbRGBA(255,255,255,0)\u00bb background_size=\u00bbinitial\u00bb background_position=\u00bbtop_left\u00bb background_repeat=\u00bbrepeat\u00bb custom_margin=\u00bb-13px|auto||auto||\u00bb make_fullwidth=\u00bboff\u00bb use_custom_width=\u00bboff\u00bb width_unit=\u00bboff\u00bb custom_width_px=\u00bb1080px\u00bb custom_width_percent=\u00bb80%\u00bb global_colors_info=\u00bb{}\u00bb][et_pb_column type=\u00bb4_4&#8243; _builder_version=\u00bb4.16&#8243; custom_padding=\u00bb|||\u00bb global_colors_info=\u00bb{}\u00bb custom_padding__hover=\u00bb|||\u00bb][et_pb_cta title=\u00bbReserva d\u00eda y hora para tu tratamiento.\u00bb button_url=\u00bbhttps:\/\/osteosants.com\/es\/contacto\/\u00bb button_text=\u00bbPedir Cita\u00bb admin_label=\u00bbLlamada a la acci\u00f3n\u00bb _builder_version=\u00bb4.17.4&#8243; header_font=\u00bb|600|||||||\u00bb header_font_size=\u00bb22px\u00bb body_font_size=\u00bb21px\u00bb body_line_height=\u00bb1em\u00bb background_color=\u00bbRGBA(255,255,255,0)\u00bb background_size=\u00bbinitial\u00bb background_position=\u00bbtop_left\u00bb background_repeat=\u00bbrepeat\u00bb custom_button=\u00bbon\u00bb button_text_size=\u00bb19px\u00bb button_text_color=\u00bb#bad29e\u00bb button_bg_color=\u00bb#ffffff\u00bb custom_margin=\u00bb-20px||-40px|\u00bb custom_padding=\u00bb|||\u00bb animation_style=\u00bbbounce\u00bb hover_enabled=\u00bb0&#8243; header_line_height_tablet=\u00bb\u00bb header_line_height_phone=\u00bb\u00bb header_line_height_last_edited=\u00bbon|phone\u00bb body_line_height_tablet=\u00bb\u00bb body_line_height_phone=\u00bb\u00bb body_line_height_last_edited=\u00bbon|desktop\u00bb use_border_color=\u00bboff\u00bb border_color=\u00bb#ffffff\u00bb border_width=\u00bb1px\u00bb border_style=\u00bbsolid\u00bb button_letter_spacing_hover=\u00bb0&#8243; global_colors_info=\u00bb{}\u00bb button_text_size__hover_enabled=\u00bboff\u00bb button_one_text_size__hover_enabled=\u00bboff\u00bb button_two_text_size__hover_enabled=\u00bboff\u00bb button_text_color__hover_enabled=\u00bboff\u00bb button_one_text_color__hover_enabled=\u00bboff\u00bb button_two_text_color__hover_enabled=\u00bboff\u00bb button_border_width__hover_enabled=\u00bboff\u00bb button_one_border_width__hover_enabled=\u00bboff\u00bb button_two_border_width__hover_enabled=\u00bboff\u00bb button_border_color__hover_enabled=\u00bboff\u00bb button_one_border_color__hover_enabled=\u00bboff\u00bb button_two_border_color__hover_enabled=\u00bboff\u00bb button_border_radius__hover_enabled=\u00bboff\u00bb button_one_border_radius__hover_enabled=\u00bboff\u00bb button_two_border_radius__hover_enabled=\u00bboff\u00bb button_letter_spacing__hover_enabled=\u00bbon\u00bb button_letter_spacing__hover=\u00bb0&#8243; button_one_letter_spacing__hover_enabled=\u00bboff\u00bb button_two_letter_spacing__hover_enabled=\u00bboff\u00bb button_bg_color__hover_enabled=\u00bboff\u00bb button_one_bg_color__hover_enabled=\u00bboff\u00bb button_two_bg_color__hover_enabled=\u00bboff\u00bb sticky_enabled=\u00bb0&#8243;][\/et_pb_cta][\/et_pb_column][\/et_pb_row][\/et_pb_section]<\/p>\n","protected":false},"excerpt":{"rendered":"<p>El equipo de OsteosantsNadia Forcada Oste\u00f3pata y Fisioterapeuta &nbsp; Irene Lacasa Oste\u00f3pata y FisioterapeutaHelena Giron\u00e8s Oste\u00f3pata y FisioterapeutaClaudia \u00c1guila Fisioterapeuta &nbsp; &nbsp; Fernando Font\u00e1n Oste\u00f3pata y Fisioterapeuta<\/p>\n","protected":false},"author":4,"featured_media":0,"parent":0,"menu_order":0,"comment_status":"closed","ping_status":"closed","template":"","meta":{"_bbp_topic_count":0,"_bbp_reply_count":0,"_bbp_total_topic_count":0,"_bbp_total_reply_count":0,"_bbp_voice_count":0,"_bbp_anonymous_reply_count":0,"_bbp_topic_count_hidden":0,"_bbp_reply_count_hidden":0,"_bbp_forum_subforum_count":0,"_et_pb_use_builder":"on","_et_pb_old_content":"","_et_gb_content_width":"","footnotes":""},"class_list":["post-135","page","type-page","status-publish","hentry"],"yoast_head":"<!-- This site is optimized with the Yoast SEO plugin v26.8 - https:\/\/yoast.com\/product\/yoast-seo-wordpress\/ -->\n<title>\u25b7 EQUIPO - OsteoSants<\/title>\n<meta name=\"robots\" content=\"index, follow, max-snippet:-1, max-image-preview:large, max-video-preview:-1\" \/>\n<link rel=\"canonical\" href=\"https:\/\/osteosants.com\/ca\/equipo\/\" \/>\n<meta property=\"og:locale\" content=\"es_ES\" \/>\n<meta property=\"og:type\" content=\"article\" \/>\n<meta property=\"og:title\" content=\"\u25b7 EQUIPO - OsteoSants\" \/>\n<meta property=\"og:description\" content=\"El equipo de OsteosantsNadia Forcada Oste\u00f3pata y Fisioterapeuta &nbsp; Irene Lacasa Oste\u00f3pata y FisioterapeutaHelena Giron\u00e8s Oste\u00f3pata y FisioterapeutaClaudia \u00c1guila Fisioterapeuta &nbsp; &nbsp; Fernando Font\u00e1n Oste\u00f3pata y Fisioterapeuta\" \/>\n<meta property=\"og:url\" content=\"https:\/\/osteosants.com\/ca\/equipo\/\" \/>\n<meta property=\"og:site_name\" content=\"OsteoSants\" \/>\n<meta property=\"article:modified_time\" content=\"2023-09-12T15:00:49+00:00\" \/>\n<meta name=\"twitter:card\" content=\"summary_large_image\" \/>\n<meta name=\"twitter:label1\" content=\"Tiempo de lectura\" \/>\n\t<meta name=\"twitter:data1\" content=\"8 minutos\" \/>\n<script type=\"application\/ld+json\" class=\"yoast-schema-graph\">{\"@context\":\"https:\/\/schema.org\",\"@graph\":[{\"@type\":\"WebPage\",\"@id\":\"https:\/\/osteosants.com\/ca\/equipo\/\",\"url\":\"https:\/\/osteosants.com\/ca\/equipo\/\",\"name\":\"\u25b7 EQUIPO - OsteoSants\",\"isPartOf\":{\"@id\":\"https:\/\/osteosants.com\/ca\/#website\"},\"datePublished\":\"2016-06-13T11:41:25+00:00\",\"dateModified\":\"2023-09-12T15:00:49+00:00\",\"breadcrumb\":{\"@id\":\"https:\/\/osteosants.com\/ca\/equipo\/#breadcrumb\"},\"inLanguage\":\"es\",\"potentialAction\":[{\"@type\":\"ReadAction\",\"target\":[\"https:\/\/osteosants.com\/ca\/equipo\/\"]}]},{\"@type\":\"BreadcrumbList\",\"@id\":\"https:\/\/osteosants.com\/ca\/equipo\/#breadcrumb\",\"itemListElement\":[{\"@type\":\"ListItem\",\"position\":1,\"name\":\"Inici\",\"item\":\"https:\/\/osteosants.com\/es\/\"},{\"@type\":\"ListItem\",\"position\":2,\"name\":\"EQUIPO\"}]},{\"@type\":\"WebSite\",\"@id\":\"https:\/\/osteosants.com\/ca\/#website\",\"url\":\"https:\/\/osteosants.com\/ca\/\",\"name\":\"OsteoSants\",\"description\":\"OsteoSants\",\"potentialAction\":[{\"@type\":\"SearchAction\",\"target\":{\"@type\":\"EntryPoint\",\"urlTemplate\":\"https:\/\/osteosants.com\/ca\/?s={search_term_string}\"},\"query-input\":{\"@type\":\"PropertyValueSpecification\",\"valueRequired\":true,\"valueName\":\"search_term_string\"}}],\"inLanguage\":\"es\"}]}<\/script>\n<!-- \/ Yoast SEO plugin. -->","yoast_head_json":{"title":"\u25b7 EQUIPO - OsteoSants","robots":{"index":"index","follow":"follow","max-snippet":"max-snippet:-1","max-image-preview":"max-image-preview:large","max-video-preview":"max-video-preview:-1"},"canonical":"https:\/\/osteosants.com\/ca\/equipo\/","og_locale":"es_ES","og_type":"article","og_title":"\u25b7 EQUIPO - OsteoSants","og_description":"El equipo de OsteosantsNadia Forcada Oste\u00f3pata y Fisioterapeuta &nbsp; Irene Lacasa Oste\u00f3pata y FisioterapeutaHelena Giron\u00e8s Oste\u00f3pata y FisioterapeutaClaudia \u00c1guila Fisioterapeuta &nbsp; &nbsp; Fernando Font\u00e1n Oste\u00f3pata y Fisioterapeuta","og_url":"https:\/\/osteosants.com\/ca\/equipo\/","og_site_name":"OsteoSants","article_modified_time":"2023-09-12T15:00:49+00:00","twitter_card":"summary_large_image","twitter_misc":{"Tiempo de lectura":"8 minutos"},"schema":{"@context":"https:\/\/schema.org","@graph":[{"@type":"WebPage","@id":"https:\/\/osteosants.com\/ca\/equipo\/","url":"https:\/\/osteosants.com\/ca\/equipo\/","name":"\u25b7 EQUIPO - OsteoSants","isPartOf":{"@id":"https:\/\/osteosants.com\/ca\/#website"},"datePublished":"2016-06-13T11:41:25+00:00","dateModified":"2023-09-12T15:00:49+00:00","breadcrumb":{"@id":"https:\/\/osteosants.com\/ca\/equipo\/#breadcrumb"},"inLanguage":"es","potentialAction":[{"@type":"ReadAction","target":["https:\/\/osteosants.com\/ca\/equipo\/"]}]},{"@type":"BreadcrumbList","@id":"https:\/\/osteosants.com\/ca\/equipo\/#breadcrumb","itemListElement":[{"@type":"ListItem","position":1,"name":"Inici","item":"https:\/\/osteosants.com\/es\/"},{"@type":"ListItem","position":2,"name":"EQUIPO"}]},{"@type":"WebSite","@id":"https:\/\/osteosants.com\/ca\/#website","url":"https:\/\/osteosants.com\/ca\/","name":"OsteoSants","description":"OsteoSants","potentialAction":[{"@type":"SearchAction","target":{"@type":"EntryPoint","urlTemplate":"https:\/\/osteosants.com\/ca\/?s={search_term_string}"},"query-input":{"@type":"PropertyValueSpecification","valueRequired":true,"valueName":"search_term_string"}}],"inLanguage":"es"}]}},"_links":{"self":[{"href":"https:\/\/osteosants.com\/es\/wp-json\/wp\/v2\/pages\/135","targetHints":{"allow":["GET"]}}],"collection":[{"href":"https:\/\/osteosants.com\/es\/wp-json\/wp\/v2\/pages"}],"about":[{"href":"https:\/\/osteosants.com\/es\/wp-json\/wp\/v2\/types\/page"}],"author":[{"embeddable":true,"href":"https:\/\/osteosants.com\/es\/wp-json\/wp\/v2\/users\/4"}],"replies":[{"embeddable":true,"href":"https:\/\/osteosants.com\/es\/wp-json\/wp\/v2\/comments?post=135"}],"version-history":[{"count":5,"href":"https:\/\/osteosants.com\/es\/wp-json\/wp\/v2\/pages\/135\/revisions"}],"predecessor-version":[{"id":1808,"href":"https:\/\/osteosants.com\/es\/wp-json\/wp\/v2\/pages\/135\/revisions\/1808"}],"wp:attachment":[{"href":"https:\/\/osteosants.com\/es\/wp-json\/wp\/v2\/media?parent=135"}],"curies":[{"name":"wp","href":"https:\/\/api.w.org\/{rel}","templated":true}]}}