{"id":1355,"date":"2018-10-25T17:44:33","date_gmt":"2018-10-25T17:44:33","guid":{"rendered":"http:\/\/osteosants.com\/avis-legal\/"},"modified":"2025-06-03T14:07:16","modified_gmt":"2025-06-03T14:07:16","slug":"avis-legal","status":"publish","type":"page","link":"https:\/\/osteosants.com\/es\/avis-legal\/","title":{"rendered":"Aviso legal"},"content":{"rendered":"<p>[et_pb_section fb_built=\u00bb1&#8243; admin_label=\u00bbsection\u00bb _builder_version=\u00bb4.16&#8243; transparent_background=\u00bboff\u00bb make_fullwidth=\u00bboff\u00bb use_custom_width=\u00bboff\u00bb width_unit=\u00bboff\u00bb custom_width_px=\u00bb1080px\u00bb custom_width_percent=\u00bb80%\u00bb global_colors_info=\u00bb{}\u00bb][et_pb_row admin_label=\u00bbrow\u00bb _builder_version=\u00bb4.16&#8243; background_size=\u00bbinitial\u00bb background_position=\u00bbtop_left\u00bb background_repeat=\u00bbrepeat\u00bb make_fullwidth=\u00bboff\u00bb use_custom_width=\u00bboff\u00bb width_unit=\u00bboff\u00bb custom_width_px=\u00bb1080px\u00bb custom_width_percent=\u00bb80%\u00bb global_colors_info=\u00bb{}\u00bb][et_pb_column type=\u00bb4_4&#8243; _builder_version=\u00bb4.16&#8243; custom_padding=\u00bb|||\u00bb global_colors_info=\u00bb{}\u00bb custom_padding__hover=\u00bb|||\u00bb][et_pb_text admin_label=\u00bbText\u00bb _builder_version=\u00bb4.16&#8243; text_font_size=\u00bb20px\u00bb background_size=\u00bbinitial\u00bb background_position=\u00bbtop_left\u00bb background_repeat=\u00bbrepeat\u00bb custom_padding=\u00bb||14px|||\u00bb use_border_color=\u00bboff\u00bb border_style=\u00bbsolid\u00bb global_colors_info=\u00bb{}\u00bb]<\/p>\n<p><strong> AVISO LEGAL<\/strong><\/p>\n<p>[\/et_pb_text][et_pb_text admin_label=\u00bbText\u00bb _builder_version=\u00bb4.16&#8243; text_font_size=\u00bb16px\u00bb text_line_height=\u00bb1.6em\u00bb background_size=\u00bbinitial\u00bb background_position=\u00bbtop_left\u00bb background_repeat=\u00bbrepeat\u00bb use_border_color=\u00bboff\u00bb border_style=\u00bbsolid\u00bb global_colors_info=\u00bb{}\u00bb]<\/p>\n<p class=\"p1\">El acceso a la p\u00e1gina web para los usuarios tiene car\u00e1cter gratuito, salvo que se refiera al coste de la conexi\u00f3n a Internet suministrada por el Proveedor de Acceso a Internet (ISP) contratado por su cuenta.<\/p>\n<p class=\"p1\">Condiciones generales de uso<\/p>\n<p class=\"p1\">La utilizaci\u00f3n de la p\u00e1gina web de \u201cOsteoSants\u201d por cualquier persona atribuye la condici\u00f3n de Usuario. El usuario se compromete a hacer un uso conforme al presente Aviso Legal y a no utilizar la informaci\u00f3n, actividades y servicios que \u201cOsteoSants\u201d pone a su disposici\u00f3n para desarrollar actividades contrarias a las leyes.<\/p>\n<p class=\"p1\">En cumplimiento con lo establecido en el art\u00edculo 10 de la Ley 34\/2002 de 11 de Julio, de Servicios de la Sociedad de la Informaci\u00f3n y el Comercio Electr\u00f3nico (LSSICE), se informa de los siguientes aspectos legales:<\/p>\n<p class=\"p1\">Propiedad del sitio web<\/p>\n<p class=\"p4\">Titular: OsteoSants S.C.P.<\/p>\n<p class=\"p4\">CIF J66764259<\/p>\n<p class=\"p2\">Tel\u00e9fono: 640801334<\/p>\n<p class=\"p2\">Contacto: <a href=\"mailto:hola@osteosants.com\">hola@osteosants.com<\/a><\/p>\n<p class=\"p2\">Condiciones generales de uso.<\/p>\n<p class=\"p2\"><span class=\"s1\"> <\/span><\/p>\n<p class=\"p3\"><span class=\"s1\"><b>TITULAR WEB<\/b><\/span><\/p>\n<p class=\"p1\">\u201cOsteoSants\u201d, como titular y responsable del presente sitio web, pone a disposici\u00f3n de los usuarios el presente documento para dar cumplimiento a las obligaciones de la Ley 34\/2002, de Servicios de la Sociedad de la Informaci\u00f3n y del Comercio Electr\u00f3nico.\u00a0<\/p>\n<p class=\"p2\"><span class=\"s1\"> <\/span><\/p>\n<p class=\"p3\"><span class=\"s1\"><b>OBJETO<\/b><\/span><\/p>\n<p class=\"p1\">La p\u00e1gina web de \u201cOsteoSants\u201d tiene como objeto facilitar al p\u00fablico informaci\u00f3n de los servicios sanitarios que ofrece.<\/p>\n<p class=\"p6\"><span class=\"s1\"> <\/span><\/p>\n<p class=\"p3\"><span class=\"s1\"><b>CONTENIDOS<\/b><\/span><\/p>\n<p class=\"p1\">Con el objeto de mantener actualizada la informaci\u00f3n publicada en el portal web, los contenidos de este podr\u00e1n ser modificados, corregidos, eliminados o a\u00f1adidos en cualquier momento, por lo que ser\u00e1 conveniente comprobar la vigencia o exactitud de estos acudiendo siempre a los textos de la p\u00e1gina web.<\/p>\n<p class=\"p1\">El titular del sitio web se reserva la facultad de efectuar, en cualquier momento y sin necesidad de previo aviso, modificaciones y actualizaciones de la informaci\u00f3n contenida en su web o en la configuraci\u00f3n y presentaci\u00f3n de \u00e9sta.<\/p>\n<p class=\"p2\"><span class=\"s1\"> <\/span><\/p>\n<p class=\"p3\"><span style=\"font-size: 16px;\"><b>ACEPTACI\u00d3N<\/b><\/span><\/p>\n<p class=\"p1\">El uso de cualquiera de las funcionalidades del sitio web implica la expresa y plena aceptaci\u00f3n de las condiciones aqu\u00ed expuestas, sin perjuicio de aquellas particulares que pudieran aplicarse a algunos de los servicios concretos ofrecidos a trav\u00e9s del sitio web.<\/p>\n<p class=\"p1\">Acceso a la p\u00e1gina web<\/p>\n<p class=\"p1\">Como se ha detallado anteriormente, el acceso a la web de \u201cOsteoSants\u201d es responsabilidad exclusiva de los usuarios y supone aceptar y conocer el aviso legal, la pol\u00edtica de cookies y la pol\u00edtica de privacidad.<\/p>\n<p class=\"p8\"><span class=\"s1\"><\/span><\/p>\n<p class=\"p3\"><span class=\"s1\"><b>ACCESO GRATUITO<\/b><\/span><span class=\"s1\"><\/span><\/p>\n<p class=\"p1\">El acceso a la p\u00e1gina web para los usuarios tiene car\u00e1cter gratuito, salvo que se refiera al coste de la conexi\u00f3n a Internet suministrada por el Proveedor de Acceso a Internet (ISP) contratado por su cuenta.<\/p>\n<p class=\"p1\">Condiciones generales de uso<\/p>\n<p class=\"p1\">La utilizaci\u00f3n de la p\u00e1gina web de \u201cOsteoSants\u201d por cualquier persona atribuye la condici\u00f3n de Usuario. El usuario se compromete a hacer un uso conforme al presente Aviso Legal y a no utilizar la informaci\u00f3n, actividades y servicios que \u201cOsteoSants\u201d pone a su disposici\u00f3n para desarrollar actividades contrarias a las leyes.<\/p>\n<p class=\"p9\"><span class=\"s1\"><\/span><\/p>\n<p class=\"p3\"><span class=\"s1\"><b>CONTENIDOS <\/b><\/span><\/p>\n<p class=\"p1\">Los contenidos de la p\u00e1gina web de \u201cOsteoSants\u201d son puestos a disposici\u00f3n del usuario como informaci\u00f3n propia y de terceros, por lo que \u201cOsteoSants\u201d<span class=\"s1\"> <\/span>pondr\u00e1 los medios razonables a su disposici\u00f3n para que estos contenidos sean siempre exactos y actualizados.<\/p>\n<p class=\"p4\"><span class=\"s1\"><\/span><span class=\"s1\"><\/span><\/p>\n<p class=\"p3\"><span class=\"s1\"><b>SERVICIOS INACTIVOS<\/b><\/span><\/p>\n<p class=\"p1\">En cuanto al uso de los servicios interactivos que permitan la divulgaci\u00f3n de contenidos por parte del usuario a trav\u00e9s de la p\u00e1gina web de \u201cOsteoSants\u201d, si en alg\u00fan momento los hubiera,<span class=\"s1\"> <\/span>ser\u00e1 conforme a la ley y el presente aviso legal. \u201cOsteoSants\u201d no se hace responsable de la informaci\u00f3n y contenidos almacenados, a t\u00edtulo enunciativo, pero no limitativo, en foros, chats, generadores de blogs, comentarios, redes sociales o cualquier otro medio que permita a terceros publicar contenidos de forma independiente en la p\u00e1gina web del prestador. No obstante, y en cumplimiento de lo dispuesto en el art. 11 y 16 de la LSSICE, el prestador se pone a disposici\u00f3n de todos los usuarios, Autoridades y Fuerzas de seguridad, y colaborando de forma activa en la retirada o en su caso bloqueo de todos aquellos contenidos que pudieran afectar o contravenir la legislaci\u00f3n nacional, o internacional, derechos de terceros o la moral y el orden p\u00fablico.<\/p>\n<p class=\"p2\"><span class=\"s1\"> <\/span><\/p>\n<p class=\"p3\"><span class=\"s1\"><b>INFORMACI\u00d3N VERAZ<\/b><\/span><\/p>\n<p class=\"p3\">En caso de comunicarse con <span class=\"s1\">\u201cOsteoSants\u201d, e<\/span>l usuario deber\u00e1 facilitar informaci\u00f3n veraz, por lo que el usuario garantizar\u00e1 siempre la autenticidad de los datos comunicados. Ser\u00e1 responsabilidad del usuario mantener toda la informaci\u00f3n facilitada actualizada.<\/p>\n<p class=\"p2\"><span class=\"s1\"> <\/span><\/p>\n<p class=\"p3\"><span class=\"s1\"><b>USUARIOS MENORES DE EDAD<\/b><\/span><\/p>\n<p class=\"p1\">Los usuarios menores de edad deben obtener siempre previamente el consentimiento de los padres, tutores o representantes legales, para el uso de los servicios. La responsabilidad en la determinaci\u00f3n de los contenidos a los que accede un menor es responsabilidad de los padres, tutores o representantes legales. Para evitar el acceso a contenido no apropiado por internet se recomienda el uso de programas o filtros que limiten el contenido disponible.<\/p>\n<p class=\"p3\"><span class=\"s1\"><b>USO CORRECTO DE LA P\u00c1GINA WEB<\/b><\/span><\/p>\n<p class=\"p1\">El Usuario se compromete a la correcta utilizaci\u00f3n de la web y utilidades que se le proporcionen conforme a la ley, el presente Aviso Legal y las instrucciones y avisos que se le comuniquen. El Usuario se obliga al uso exclusivo de la web y todos sus contenidos, para fines l\u00edcitos y no prohibidos, que no infrinjan la legalidad vigente y\/o puedan resultar lesivos de los derechos leg\u00edtimos de \u201cOsteoSants\u201d, y\/o que puedan causar cualquier da\u00f1o o perjuicio de forma directa o indirecta.<\/p>\n<p class=\"p1\">Propiedad intelectual, industrial<\/p>\n<p class=\"p1\">Todos los elementos que forman el sitio web, as\u00ed como su estructura, dise\u00f1o, fotograf\u00edas, iconos, gr\u00e1ficos, im\u00e1genes, c\u00f3digo fuente, logotipos, marcas y dem\u00e1s signos distintivos que aparecen en la misma, son propiedad intelectual de \u201cOsteoSants\u201d o en su caso de terceros, salvo que se especifique lo contrario, y est\u00e1n protegidos por los correspondientes derechos de propiedad intelectual e industrial. El usuario no podr\u00e1 utilizar la marca gr\u00e1fica o cualquier otro signo distintivo de \u201cOsteoSants\u201d dentro de su p\u00e1gina web salvo en los casos expresamente autorizados por \u201cOsteoSants\u201d. Estas autorizaciones se pedir\u00e1n por escrito a \u201cOsteoSants\u201d.<span class=\"s1\"> <\/span>Por todo ello el usuario que acceda a la p\u00e1gina web deber\u00e1 respetar en todo momento todos los derechos de propiedad intelectual e industrial de la p\u00e1gina web titularidad de \u201cOsteoSants\u201d o de terceros.<\/p>\n<p class=\"p1\">La reproducci\u00f3n total o parcial, uso, distribuci\u00f3n y comunicaci\u00f3n p\u00fablica, requiere de la autorizaci\u00f3n escrita previa por parte de \u201cOsteoSants\u201d. Cualquier uso no autorizado previamente por parte de \u201cOsteoSants\u201d ser\u00e1 considerado un incumplimiento grave de los derechos de propiedad intelectual o industrial.<\/p>\n<p class=\"p1\">Igualmente est\u00e1n protegidos por los correspondientes derechos de propiedad intelectual e industrial las im\u00e1genes y otros elementos gr\u00e1ficos contenidos en el sitio web. El uso, reproducci\u00f3n, distribuci\u00f3n, comunicaci\u00f3n p\u00fablica, transformaci\u00f3n o cualquier otra actividad similar o an\u00e1loga, queda totalmente prohibida salvo que medie previa y expresa autorizaci\u00f3n del titular.<\/p>\n<p class=\"p1\">Respecto a las citas de productos y\/o servicios de terceros, el titular del sitio web reconoce a favor de sus titulares los correspondientes derechos de propiedad industrial e intelectual no implicando su sola menci\u00f3n o aparici\u00f3n en la web la existencia de derechos ni de responsabilidad alguna sobre los mismos, como tampoco patrocinio o recomendaci\u00f3n.<\/p>\n<p class=\"p1\">\n<p class=\"p1\"><span class=\"s1\"><b>ENLACES DE TERCEROS A LA P\u00c1GINA DE OSTEOSANTS<\/b><\/span><\/p>\n<p class=\"p1\">Si un usuario quiere introducir un enlace desde su p\u00e1gina web a la p\u00e1gina web de \u201cOsteoSants\u201d deber\u00e1 obtener autorizaci\u00f3n de \u201cOsteoSants\u201d.<\/p>\n<p class=\"p1\"><span class=\"s1\"><b><\/b><\/span><\/p>\n<p class=\"p1\">El titular del sitio web declara su respeto a los derechos de propiedad intelectual e industrial de terceros; por ello, si considera que en nuestro sitio web se pudieran estar violando sus derechos, rogamos se ponga en contacto con el titular de la p\u00e1gina web: <span class=\"s1\">hola@osteosants.com<\/span><\/p>\n<p class=\"p1\">Exclusi\u00f3n de garant\u00edas y responsabilidad<\/p>\n<p class=\"p1\">El Usuario responder\u00e1 por los da\u00f1os y perjuicios de toda naturaleza que \u201cOsteoSants\u201d pueda sufrir como consecuencia del incumplimiento de cualquiera de las obligaciones a las que queda sometido por este Aviso Legal.<\/p>\n<p class=\"p1\">Protecci\u00f3n de datos<\/p>\n<p class=\"p1\">Para aquellos casos que se recaben, traten o almacenen datos personales se har\u00e1 en conformidad con la Pol\u00edtica de Privacidad publicada en la p\u00e1gina web y que puede consultar en el pie de esta misma.<\/p>\n<p class=\"p1\">Pol\u00edtica de cookies<\/p>\n<p class=\"p1\">En el texto legal de la pol\u00edtica de cookies se encuentra detallado el uso de les cookies y puede consultarlo en el pie de esta p\u00e1gina web.<\/p>\n<p class=\"p1\">Acceso a la p\u00e1gina web<\/p>\n<p class=\"p1\">\u201cOsteoSants\u201d no se responsabiliza de los da\u00f1os y perjuicios de cualquier tipo producidos en el usuario a consecuencia de fallos en las redes de telecomunicaciones que produzcan la suspensi\u00f3n, cancelaci\u00f3n o interrupci\u00f3n del servicio de la p\u00e1gina web durante la prestaci\u00f3n de este o con car\u00e1cter previo.<\/p>\n<p class=\"p1\">Calidad del servicio y de los contenidos<\/p>\n<p class=\"p1\">El titular del sitio web no garantiza la inexistencia de errores en el acceso a la web, en su contenido, ni que \u00e9ste se encuentre actualizado, aunque el titular del sitio web desarrollar\u00e1 sus mejores esfuerzos para, en su caso, evitarlos, subsanarlos o actualizarlos. En caso de que el usuario considere que existe alg\u00fan contenido que pudiera ser susceptible de esta clasificaci\u00f3n, rogamos se ponga en contacto con el titular del sitio web.<\/p>\n<p class=\"p1\">Tanto el acceso al sitio web, como el uso que se pueda hacer de la informaci\u00f3n contenida en los mismos, es de exclusiva responsabilidad de quien lo realiza.<\/p>\n<p class=\"p1\">\u201cOsteoSants\u201d intentar\u00e1 garantizar siempre el correcto funcionamiento de la p\u00e1gina web las 24 horas al d\u00eda, los 365 d\u00edas del a\u00f1o, aunque no se puede descartar la posibilidad de que existan determinadas causas de fuerza mayor, cat\u00e1strofes naturales, huelgas, o cualquier otra circunstancia parecida que hagan imposible el acceso a la p\u00e1gina web. Por todo ello, \u201cOsteoSants\u201d no se hace responsable de los da\u00f1os y perjuicios de cualquier naturaleza que pudieran ocasionarse a consecuencia de la falta de disponibilidad, mantenimiento y efectivo funcionamiento de la web o de sus servicios y contenidos. \u201cOsteoSants\u201d no se hace responsable de la existencia de virus, programas maliciosos o lesivos de los contenidos, del uso il\u00edcito, negligente, fraudulento o contrario a este Aviso legal, o de la falta de licitud, calidad, fiabilidad, utilidad y disponibilidad de los servicios prestados por terceros a disposici\u00f3n de los usuarios del sitio web.<\/p>\n<p class=\"p1\">\u201cOsteoSants\u201d se reserva el derecho a interrumpir en caso de que lo estime necesario el acceso a su p\u00e1gina web en cualquier momento y sin previo aviso, ya sea por motivos de seguridad, de control, de mantenimiento, por errores de suministro el\u00e9ctrico o por cualquier otra causa. En resumen, \u201cOsteoSants\u201d en ning\u00fan caso se responsabiliza de las consecuencias de eventuales interrupciones, ya que no puede garantizar la fiabilidad, la disponibilidad ni la continuidad de su p\u00e1gina web.<\/p>\n<p class=\"p1\">En cumplimiento de lo dispuesto en la Ley de servicios de la sociedad de la informaci\u00f3n y de comercio electr\u00f3nico, el titular del sitio Web se pone a disposici\u00f3n de todos los usuarios, autoridades y fuerzas de seguridad colaborando de forma activa en la retirada o, en su caso, en el bloqueo de todos aquellos contenidos que pudieran afectar o contravenir la legislaci\u00f3n nacional o internacional, derechos de terceros o la moral y el orden p\u00fablico.<\/p>\n<p class=\"p1\">\n<p class=\"p1\"><span class=\"s1\"><b>ENLACES DE TERCEROS A LA P\u00c1GINA DE OSTEOSANTS<\/b><\/span><\/p>\n<p class=\"p1\">Los enlaces contenidos en nuestro sitio web pueden tambi\u00e9n dirigir a contenidos web de terceros. En estos casos \u201cOsteoSants\u201d act\u00faa como prestador de servicios de intermediaci\u00f3n de conformidad con el art\u00edculo 17 de la Ley 34\/2002 y s\u00f3lo ser\u00e1 responsable de los contenidos y servicios suministrados en las p\u00e1ginas web de terceros en la medida que tenga conocimiento efectivo de la ilicitud y no act\u00fae con diligencia para suprimir o inutilizar el enlace.<\/p>\n<p class=\"p1\">El objetivo de dichos enlaces es \u00fanicamente facilitarle la b\u00fasqueda de los recursos que le puedan interesar a trav\u00e9s de Internet. No obstante, dichas p\u00e1ginas no pertenecen a \u201cOsteoSants\u201d, ni hace una revisi\u00f3n de sus contenidos y, por ello, el titular \u201cOsteoSants\u201d no asume ninguna responsabilidad por el contenido, informaciones o servicios que pudieran aparecer en dichos sitios. En el supuesto que el usuario considere que existe un enlace con contenido il\u00edcito podr\u00e1 comunicarlo a \u201cOsteoSants\u201d a <span class=\"s1\">hola@osteosants.com <\/span><span class=\"s2\">sin que en ning\u00fan caso esa comunicaci\u00f3n conlleve la obligaci\u00f3n de retirar el correspondiente enlace.<\/span><span class=\"s1\"> <\/span><\/p>\n<p class=\"p1\">El titular del sitio web tampoco puede hacerse responsable del funcionamiento de la p\u00e1gina enlazada o de los posibles da\u00f1os que puedan derivarse del acceso o uso de esta.<\/p>\n<p class=\"p1\">El establecimiento del enlace con otra p\u00e1gina web no supondr\u00e1 ning\u00fan tipo de acuerdo, contrato, patrocinio ni recomendaci\u00f3n por parte de \u201cOsteoSants\u201d.<\/p>\n<p class=\"p1\">\u201cOsteoSants\u201d no se responsabiliza de modo alguno ni garantiza la claridad, exactitud, fiabilidad, correcci\u00f3n o moralidad de contenidos o servicios que el establecimiento del enlace con otra p\u00e1gina web pueda ofrecer. El usuario asume bajo su exclusiva responsabilidad las consecuencias, da\u00f1os o acciones que pudieran derivarse del acceso a la p\u00e1gina del enlace.<\/p>\n<p class=\"p1\">Ley Aplicable y jurisdicci\u00f3n<\/p>\n<p class=\"p1\">La ley aplicable en caso de disputa o conflicto de interpretaci\u00f3n de los t\u00e9rminos que conforman este Aviso Legal, as\u00ed como cualquier cuesti\u00f3n relacionada con los servicios de la web de \u201cOsteoSants\u201d, ser\u00e1 la ley espa\u00f1ola.<\/p>\n<p class=\"p1\">Para la resoluci\u00f3n de cualquier conflicto que pueda surgir del acceso a la p\u00e1gina web, el usuario y \u201cOsteoSants\u201d en los casos en que la normativa prevea la posibilidad de someterse a un fuero, acuerdan someterse a los Jueces y Tribunales de la ciudad de Barcelona, con renuncia a cualquier otro fuero general o especial que les pudiera corresponder.<span class=\"s1\"><b><\/b><\/span><span class=\"s1\"><b><\/b><\/span><\/p>\n<p class=\"p1\"><span class=\"s1\"><b><\/b><\/span><\/p>\n<p class=\"p1\"><span class=\"s1\"><b><\/b><\/span><\/p>\n<p class=\"p1\"><span class=\"s1\"><b><\/b><\/span><\/p>\n<p class=\"p1\"><span class=\"s1\"><b><\/b><\/span><\/p>\n<p class=\"p1\"><span class=\"s1\"><b><\/b><\/span><\/p>\n<p class=\"p1\"><span class=\"s1\"><b><\/b><\/span><\/p>\n<p class=\"p1\"><span class=\"s1\"><b><\/b><\/span><\/p>\n<p>[\/et_pb_text][\/et_pb_column][\/et_pb_row][\/et_pb_section]<\/p>\n","protected":false},"excerpt":{"rendered":"<p>AVISO LEGALEl acceso a la p\u00e1gina web para los usuarios tiene car\u00e1cter gratuito, salvo que se refiera al coste de la conexi\u00f3n a Internet suministrada por el Proveedor de Acceso [&hellip;]<\/p>\n","protected":false},"author":4,"featured_media":0,"parent":0,"menu_order":0,"comment_status":"closed","ping_status":"closed","template":"","meta":{"_bbp_topic_count":0,"_bbp_reply_count":0,"_bbp_total_topic_count":0,"_bbp_total_reply_count":0,"_bbp_voice_count":0,"_bbp_anonymous_reply_count":0,"_bbp_topic_count_hidden":0,"_bbp_reply_count_hidden":0,"_bbp_forum_subforum_count":0,"_et_pb_use_builder":"on","_et_pb_old_content":"","_et_gb_content_width":"","footnotes":""},"class_list":["post-1355","page","type-page","status-publish","hentry"],"yoast_head":"<!-- This site is optimized with the Yoast SEO plugin v26.8 - https:\/\/yoast.com\/product\/yoast-seo-wordpress\/ -->\n<title>\u25b7 Aviso legal - OsteoSants<\/title>\n<meta name=\"robots\" content=\"index, follow, max-snippet:-1, max-image-preview:large, max-video-preview:-1\" \/>\n<link rel=\"canonical\" href=\"https:\/\/osteosants.com\/ca\/avis-legal\/\" \/>\n<meta property=\"og:locale\" content=\"es_ES\" \/>\n<meta property=\"og:type\" content=\"article\" \/>\n<meta property=\"og:title\" content=\"\u25b7 Aviso legal - OsteoSants\" \/>\n<meta property=\"og:description\" content=\"AVISO LEGALEl acceso a la p\u00e1gina web para los usuarios tiene car\u00e1cter gratuito, salvo que se refiera al coste de la conexi\u00f3n a Internet suministrada por el Proveedor de Acceso [&hellip;]\" \/>\n<meta property=\"og:url\" content=\"https:\/\/osteosants.com\/ca\/avis-legal\/\" \/>\n<meta property=\"og:site_name\" content=\"OsteoSants\" \/>\n<meta property=\"article:modified_time\" content=\"2025-06-03T14:07:16+00:00\" \/>\n<meta name=\"twitter:card\" content=\"summary_large_image\" \/>\n<meta name=\"twitter:label1\" content=\"Tiempo de lectura\" \/>\n\t<meta name=\"twitter:data1\" content=\"13 minutos\" \/>\n<script type=\"application\/ld+json\" class=\"yoast-schema-graph\">{\"@context\":\"https:\/\/schema.org\",\"@graph\":[{\"@type\":\"WebPage\",\"@id\":\"https:\/\/osteosants.com\/ca\/avis-legal\/\",\"url\":\"https:\/\/osteosants.com\/ca\/avis-legal\/\",\"name\":\"\u25b7 Aviso legal - OsteoSants\",\"isPartOf\":{\"@id\":\"https:\/\/osteosants.com\/ca\/#website\"},\"datePublished\":\"2018-10-25T17:44:33+00:00\",\"dateModified\":\"2025-06-03T14:07:16+00:00\",\"breadcrumb\":{\"@id\":\"https:\/\/osteosants.com\/ca\/avis-legal\/#breadcrumb\"},\"inLanguage\":\"es\",\"potentialAction\":[{\"@type\":\"ReadAction\",\"target\":[\"https:\/\/osteosants.com\/ca\/avis-legal\/\"]}]},{\"@type\":\"BreadcrumbList\",\"@id\":\"https:\/\/osteosants.com\/ca\/avis-legal\/#breadcrumb\",\"itemListElement\":[{\"@type\":\"ListItem\",\"position\":1,\"name\":\"Inici\",\"item\":\"https:\/\/osteosants.com\/es\/\"},{\"@type\":\"ListItem\",\"position\":2,\"name\":\"Aviso legal\"}]},{\"@type\":\"WebSite\",\"@id\":\"https:\/\/osteosants.com\/ca\/#website\",\"url\":\"https:\/\/osteosants.com\/ca\/\",\"name\":\"OsteoSants\",\"description\":\"OsteoSants\",\"potentialAction\":[{\"@type\":\"SearchAction\",\"target\":{\"@type\":\"EntryPoint\",\"urlTemplate\":\"https:\/\/osteosants.com\/ca\/?s={search_term_string}\"},\"query-input\":{\"@type\":\"PropertyValueSpecification\",\"valueRequired\":true,\"valueName\":\"search_term_string\"}}],\"inLanguage\":\"es\"}]}<\/script>\n<!-- \/ Yoast SEO plugin. -->","yoast_head_json":{"title":"\u25b7 Aviso legal - OsteoSants","robots":{"index":"index","follow":"follow","max-snippet":"max-snippet:-1","max-image-preview":"max-image-preview:large","max-video-preview":"max-video-preview:-1"},"canonical":"https:\/\/osteosants.com\/ca\/avis-legal\/","og_locale":"es_ES","og_type":"article","og_title":"\u25b7 Aviso legal - OsteoSants","og_description":"AVISO LEGALEl acceso a la p\u00e1gina web para los usuarios tiene car\u00e1cter gratuito, salvo que se refiera al coste de la conexi\u00f3n a Internet suministrada por el Proveedor de Acceso [&hellip;]","og_url":"https:\/\/osteosants.com\/ca\/avis-legal\/","og_site_name":"OsteoSants","article_modified_time":"2025-06-03T14:07:16+00:00","twitter_card":"summary_large_image","twitter_misc":{"Tiempo de lectura":"13 minutos"},"schema":{"@context":"https:\/\/schema.org","@graph":[{"@type":"WebPage","@id":"https:\/\/osteosants.com\/ca\/avis-legal\/","url":"https:\/\/osteosants.com\/ca\/avis-legal\/","name":"\u25b7 Aviso legal - OsteoSants","isPartOf":{"@id":"https:\/\/osteosants.com\/ca\/#website"},"datePublished":"2018-10-25T17:44:33+00:00","dateModified":"2025-06-03T14:07:16+00:00","breadcrumb":{"@id":"https:\/\/osteosants.com\/ca\/avis-legal\/#breadcrumb"},"inLanguage":"es","potentialAction":[{"@type":"ReadAction","target":["https:\/\/osteosants.com\/ca\/avis-legal\/"]}]},{"@type":"BreadcrumbList","@id":"https:\/\/osteosants.com\/ca\/avis-legal\/#breadcrumb","itemListElement":[{"@type":"ListItem","position":1,"name":"Inici","item":"https:\/\/osteosants.com\/es\/"},{"@type":"ListItem","position":2,"name":"Aviso legal"}]},{"@type":"WebSite","@id":"https:\/\/osteosants.com\/ca\/#website","url":"https:\/\/osteosants.com\/ca\/","name":"OsteoSants","description":"OsteoSants","potentialAction":[{"@type":"SearchAction","target":{"@type":"EntryPoint","urlTemplate":"https:\/\/osteosants.com\/ca\/?s={search_term_string}"},"query-input":{"@type":"PropertyValueSpecification","valueRequired":true,"valueName":"search_term_string"}}],"inLanguage":"es"}]}},"_links":{"self":[{"href":"https:\/\/osteosants.com\/es\/wp-json\/wp\/v2\/pages\/1355","targetHints":{"allow":["GET"]}}],"collection":[{"href":"https:\/\/osteosants.com\/es\/wp-json\/wp\/v2\/pages"}],"about":[{"href":"https:\/\/osteosants.com\/es\/wp-json\/wp\/v2\/types\/page"}],"author":[{"embeddable":true,"href":"https:\/\/osteosants.com\/es\/wp-json\/wp\/v2\/users\/4"}],"replies":[{"embeddable":true,"href":"https:\/\/osteosants.com\/es\/wp-json\/wp\/v2\/comments?post=1355"}],"version-history":[{"count":5,"href":"https:\/\/osteosants.com\/es\/wp-json\/wp\/v2\/pages\/1355\/revisions"}],"predecessor-version":[{"id":1848,"href":"https:\/\/osteosants.com\/es\/wp-json\/wp\/v2\/pages\/1355\/revisions\/1848"}],"wp:attachment":[{"href":"https:\/\/osteosants.com\/es\/wp-json\/wp\/v2\/media?parent=1355"}],"curies":[{"name":"wp","href":"https:\/\/api.w.org\/{rel}","templated":true}]}}