{"id":1358,"date":"2018-10-25T17:45:00","date_gmt":"2018-10-25T17:45:00","guid":{"rendered":"http:\/\/osteosants.com\/politica-de-cookies\/"},"modified":"2025-06-03T14:05:48","modified_gmt":"2025-06-03T14:05:48","slug":"politica-de-cookies","status":"publish","type":"page","link":"https:\/\/osteosants.com\/es\/politica-de-cookies\/","title":{"rendered":"Pol\u00edtica de Cookies"},"content":{"rendered":"<p>[et_pb_section fb_built=\u00bb1&#8243; admin_label=\u00bbsection\u00bb _builder_version=\u00bb4.16&#8243; transparent_background=\u00bboff\u00bb make_fullwidth=\u00bboff\u00bb use_custom_width=\u00bboff\u00bb width_unit=\u00bboff\u00bb custom_width_px=\u00bb1080px\u00bb custom_width_percent=\u00bb80%\u00bb global_colors_info=\u00bb{}\u00bb][et_pb_row admin_label=\u00bbrow\u00bb _builder_version=\u00bb4.16&#8243; background_size=\u00bbinitial\u00bb background_position=\u00bbtop_left\u00bb background_repeat=\u00bbrepeat\u00bb make_fullwidth=\u00bboff\u00bb use_custom_width=\u00bboff\u00bb width_unit=\u00bboff\u00bb custom_width_px=\u00bb1080px\u00bb custom_width_percent=\u00bb80%\u00bb global_colors_info=\u00bb{}\u00bb][et_pb_column type=\u00bb4_4&#8243; _builder_version=\u00bb4.16&#8243; custom_padding=\u00bb|||\u00bb global_colors_info=\u00bb{}\u00bb custom_padding__hover=\u00bb|||\u00bb][et_pb_text admin_label=\u00bbText\u00bb _builder_version=\u00bb4.17.4&#8243; text_font_size=\u00bb16px\u00bb background_size=\u00bbinitial\u00bb background_position=\u00bbtop_left\u00bb background_repeat=\u00bbrepeat\u00bb use_border_color=\u00bboff\u00bb border_style=\u00bbsolid\u00bb global_colors_info=\u00bb{}\u00bb]<\/p>\n<p><strong>POL\u00cdTICA DE COOKIES<\/strong><\/p>\n<p class=\"p1\">Las cookies son peque\u00f1os archivos que se instalan en el ordenador del usuario y que permiten al responsable de un servicio mejorar la forma de interactuar entre sus visitantes y su sitio web. En algunos casos, la instalaci\u00f3n de estas cookies requiere del consentimiento del usuario.<\/p>\n<p class=\"p1\">Existen diferentes clases de cookies, afectadas y no afectadas por la Ley:<\/p>\n<p class=\"p3\">Cookies no afectadas:<\/p>\n<ul class=\"ul1\">\n<li class=\"li3\">T\u00e9cnicas:\u00a0Son necesaria para la navegaci\u00f3n. Sin ellas la p\u00e1gina no funcionar\u00eda adecuadamente.<\/li>\n<li class=\"li3\">De personalizaci\u00f3n o configuraci\u00f3n:\u00a0Permiten que la p\u00e1gina reconozca el idioma del usuario, el tama\u00f1o de letras, etc.<\/li>\n<li class=\"li3\">De seguridad:\u00a0Impiden o dificultan ataques contra el sitio web o sus usuarios.<\/li>\n<\/ul>\n<p class=\"p3\">Cookies afectadas:<\/p>\n<ul class=\"ul1\">\n<li class=\"li3\">Anal\u00edticas:\u00a0Permiten medir la actividad de los usuarios y elaborar estad\u00edsticas de navegaci\u00f3n.<\/li>\n<li class=\"li3\">Publicitarias:\u00a0Gestionan la frecuencia y el contenido de los anuncios.<\/li>\n<li class=\"li3\">De seguimiento:\u00a0Almacenan informaci\u00f3n sobre los usuarios para mostrarles publicidad personalizada.<\/li>\n<\/ul>\n<p class=\"p1\"><span class=\"s1\">\u201cOsteoSants\u201d <\/span>informa que el sitio web utiliza las siguientes cookies en el dominio osteosants.com:<\/p>\n<p class=\"p1\"><span class=\"s2\">Cookies t\u00e9cnicas:<\/span><span class=\"s1\"> <\/span>Las cookies t\u00e9cnicas necesarias ayudan a que un sitio web sea utilizable habilitando funciones b\u00e1sicas como la navegaci\u00f3n por p\u00e1ginas y el acceso a \u00e1reas seguras del sitio web. El sitio web no puede funcionar correctamente sin estas cookies.<\/p>\n<p class=\"p2\">\n<table cellspacing=\"0\" cellpadding=\"0\" class=\"t1\">\n<tbody>\n<tr>\n<td valign=\"middle\" class=\"td1\">\n<p class=\"p5\">Dominio<\/p>\n<\/td>\n<td valign=\"middle\" class=\"td1\">\n<p class=\"p5\">Titularidad<\/p>\n<\/td>\n<td valign=\"middle\" class=\"td1\">\n<p class=\"p5\">Nombre<\/p>\n<\/td>\n<td valign=\"middle\" class=\"td1\">\n<p class=\"p5\">Funci\u00f3n<\/p>\n<\/td>\n<td valign=\"middle\" class=\"td1\">\n<p class=\"p5\">Duraci\u00f3n<\/p>\n<\/td>\n<\/tr>\n<tr>\n<td valign=\"middle\" class=\"td1\">\n<p class=\"p5\">google.com<\/p>\n<\/td>\n<td valign=\"middle\" class=\"td1\">\n<p class=\"p6\">\u201cOsteoSants\u201d<\/p>\n<\/td>\n<td valign=\"middle\" class=\"td1\">\n<p class=\"p5\">rc::a<\/p>\n<\/td>\n<td valign=\"middle\" class=\"td1\">\n<p class=\"p5\">Esta cookie es establecida por el servicio reCAPTCHA de Google para identificar bots y proteger el sitio web contra ataques de correo basura maliciosos.<\/p>\n<\/td>\n<td valign=\"middle\" class=\"td1\">\n<p class=\"p5\">Permanente<\/p>\n<\/td>\n<\/tr>\n<tr>\n<td valign=\"middle\" class=\"td1\">\n<p class=\"p5\">google.com<\/p>\n<\/td>\n<td valign=\"middle\" class=\"td1\">\n<p class=\"p6\">\u201cOsteoSants\u201d<\/p>\n<\/td>\n<td valign=\"middle\" class=\"td1\">\n<p class=\"p5\">rc::c<\/p>\n<\/td>\n<td valign=\"middle\" class=\"td1\">\n<p class=\"p5\">Esta cookie es establecida por el servicio reCAPTCHA de Google para identificar bots y proteger el sitio web contra ataques de correo basura maliciosos.<\/p>\n<\/td>\n<td valign=\"middle\" class=\"td1\">\n<p class=\"p5\">Sesi\u00f3n<\/p>\n<\/td>\n<\/tr>\n<tr>\n<td valign=\"middle\" class=\"td1\">\n<p class=\"p5\">google.com<\/p>\n<\/td>\n<td valign=\"middle\" class=\"td1\">\n<p class=\"p6\">\u201cOsteoSants\u201d<\/p>\n<\/td>\n<td valign=\"middle\" class=\"td1\">\n<p class=\"p5\">_GRECAPTCHA<\/p>\n<\/td>\n<td valign=\"middle\" class=\"td1\">\n<p class=\"p5\">Google reCAPTCHA establece una cookie necesaria (_GRECAPTCHA) cuando se ejecuta con el prop\u00f3sito de realizar su an\u00e1lisis de riesgos.<\/p>\n<\/td>\n<td valign=\"middle\" class=\"td1\">\n<p class=\"p5\">6 meses<\/p>\n<\/td>\n<\/tr>\n<\/tbody>\n<\/table>\n<p class=\"p2\">\n<p class=\"p3\">Para m\u00e1s informaci\u00f3n de c\u00f3mo gestionar las cookies consulte los siguientes enlaces:<\/p>\n<p class=\"p4\">\n<p class=\"p3\">Chrome desde aqu\u00ed: http:\/\/support.google.com\/chrome\/bin\/answer.py?hl=es&amp;answer=95647<\/p>\n<p class=\"p3\">Firefox desde aqu\u00ed: http:\/\/support.mozilla.org\/es\/kb\/habilitar-y-deshabilitar-cookies-que-los-sitios-we<\/p>\n<p class=\"p3\">Explorer desde aqu\u00ed: https:\/\/support.microsoft.com\/es-es\/help\/17442\/windows-internet-explorer-delete-manage-cookies<\/p>\n<p class=\"p3\">Safari desde aqu\u00ed: http:\/\/support.apple.com\/kb\/ph5042<\/p>\n<p class=\"p3\">Opera desde aqu\u00ed: http:\/\/help.opera.com\/Windows\/11.50\/es-ES\/cookies.html<\/p>\n<p class=\"p4\">\n<p class=\"p3\"><strong>SERVICIOS DE TERCEROS<\/strong><\/p>\n<p class=\"p3\">Adicionalmente, \u201cOsteoSants\u201d tiene presencia en portales para los que, si desea conocer las condiciones de privacidad y uso de cookies, deber\u00e1n consultarse las pol\u00edticas proporcionadas por los mismos:<\/p>\n<p class=\"p3\">Facebook: https:\/\/www.facebook.com\/policies\/cookies\/<\/p>\n<p class=\"p3\">Twitter: https:\/\/twitter.com\/privacy<\/p>\n<p class=\"p3\">Youtube: https:\/\/policies.google.com\/technologies\/cookies?hl=es<\/p>\n<p class=\"p3\">Linkedin: http:\/\/www.linkedin.com\/legal\/privacy-policy<\/p>\n<p class=\"p3\">Google: https:\/\/policies.google.com\/technologies\/cookies?hl=es<\/p>\n<p class=\"p3\">Instagram: https:\/\/help.instagram.com\/<\/p>\n<p class=\"p4\">\n<p class=\"p4\">\n<p>[\/et_pb_text][\/et_pb_column][\/et_pb_row][\/et_pb_section]<\/p>\n","protected":false},"excerpt":{"rendered":"<p>POL\u00cdTICA DE COOKIES Las cookies son peque\u00f1os archivos que se instalan en el ordenador del usuario y que permiten al responsable de un servicio mejorar la forma de interactuar entre [&hellip;]<\/p>\n","protected":false},"author":4,"featured_media":0,"parent":0,"menu_order":0,"comment_status":"closed","ping_status":"closed","template":"","meta":{"_bbp_topic_count":0,"_bbp_reply_count":0,"_bbp_total_topic_count":0,"_bbp_total_reply_count":0,"_bbp_voice_count":0,"_bbp_anonymous_reply_count":0,"_bbp_topic_count_hidden":0,"_bbp_reply_count_hidden":0,"_bbp_forum_subforum_count":0,"_et_pb_use_builder":"on","_et_pb_old_content":"","_et_gb_content_width":"","footnotes":""},"class_list":["post-1358","page","type-page","status-publish","hentry"],"yoast_head":"<!-- This site is optimized with the Yoast SEO plugin v26.8 - https:\/\/yoast.com\/product\/yoast-seo-wordpress\/ -->\n<title>\u25b7 Pol\u00edtica de Cookies - OsteoSants<\/title>\n<meta name=\"robots\" content=\"index, follow, max-snippet:-1, max-image-preview:large, max-video-preview:-1\" \/>\n<link rel=\"canonical\" href=\"https:\/\/osteosants.com\/ca\/politica-de-cookies\/\" \/>\n<meta property=\"og:locale\" content=\"es_ES\" \/>\n<meta property=\"og:type\" content=\"article\" \/>\n<meta property=\"og:title\" content=\"\u25b7 Pol\u00edtica de Cookies - OsteoSants\" \/>\n<meta property=\"og:description\" content=\"POL\u00cdTICA DE COOKIES Las cookies son peque\u00f1os archivos que se instalan en el ordenador del usuario y que permiten al responsable de un servicio mejorar la forma de interactuar entre [&hellip;]\" \/>\n<meta property=\"og:url\" content=\"https:\/\/osteosants.com\/ca\/politica-de-cookies\/\" \/>\n<meta property=\"og:site_name\" content=\"OsteoSants\" \/>\n<meta property=\"article:modified_time\" content=\"2025-06-03T14:05:48+00:00\" \/>\n<meta name=\"twitter:card\" content=\"summary_large_image\" \/>\n<meta name=\"twitter:label1\" content=\"Tiempo de lectura\" \/>\n\t<meta name=\"twitter:data1\" content=\"3 minutos\" \/>\n<script type=\"application\/ld+json\" class=\"yoast-schema-graph\">{\"@context\":\"https:\/\/schema.org\",\"@graph\":[{\"@type\":\"WebPage\",\"@id\":\"https:\/\/osteosants.com\/ca\/politica-de-cookies\/\",\"url\":\"https:\/\/osteosants.com\/ca\/politica-de-cookies\/\",\"name\":\"\u25b7 Pol\u00edtica de Cookies - OsteoSants\",\"isPartOf\":{\"@id\":\"https:\/\/osteosants.com\/ca\/#website\"},\"datePublished\":\"2018-10-25T17:45:00+00:00\",\"dateModified\":\"2025-06-03T14:05:48+00:00\",\"breadcrumb\":{\"@id\":\"https:\/\/osteosants.com\/ca\/politica-de-cookies\/#breadcrumb\"},\"inLanguage\":\"es\",\"potentialAction\":[{\"@type\":\"ReadAction\",\"target\":[\"https:\/\/osteosants.com\/ca\/politica-de-cookies\/\"]}]},{\"@type\":\"BreadcrumbList\",\"@id\":\"https:\/\/osteosants.com\/ca\/politica-de-cookies\/#breadcrumb\",\"itemListElement\":[{\"@type\":\"ListItem\",\"position\":1,\"name\":\"Inici\",\"item\":\"https:\/\/osteosants.com\/es\/\"},{\"@type\":\"ListItem\",\"position\":2,\"name\":\"Pol\u00edtica de Cookies\"}]},{\"@type\":\"WebSite\",\"@id\":\"https:\/\/osteosants.com\/ca\/#website\",\"url\":\"https:\/\/osteosants.com\/ca\/\",\"name\":\"OsteoSants\",\"description\":\"OsteoSants\",\"potentialAction\":[{\"@type\":\"SearchAction\",\"target\":{\"@type\":\"EntryPoint\",\"urlTemplate\":\"https:\/\/osteosants.com\/ca\/?s={search_term_string}\"},\"query-input\":{\"@type\":\"PropertyValueSpecification\",\"valueRequired\":true,\"valueName\":\"search_term_string\"}}],\"inLanguage\":\"es\"}]}<\/script>\n<!-- \/ Yoast SEO plugin. -->","yoast_head_json":{"title":"\u25b7 Pol\u00edtica de Cookies - OsteoSants","robots":{"index":"index","follow":"follow","max-snippet":"max-snippet:-1","max-image-preview":"max-image-preview:large","max-video-preview":"max-video-preview:-1"},"canonical":"https:\/\/osteosants.com\/ca\/politica-de-cookies\/","og_locale":"es_ES","og_type":"article","og_title":"\u25b7 Pol\u00edtica de Cookies - OsteoSants","og_description":"POL\u00cdTICA DE COOKIES Las cookies son peque\u00f1os archivos que se instalan en el ordenador del usuario y que permiten al responsable de un servicio mejorar la forma de interactuar entre [&hellip;]","og_url":"https:\/\/osteosants.com\/ca\/politica-de-cookies\/","og_site_name":"OsteoSants","article_modified_time":"2025-06-03T14:05:48+00:00","twitter_card":"summary_large_image","twitter_misc":{"Tiempo de lectura":"3 minutos"},"schema":{"@context":"https:\/\/schema.org","@graph":[{"@type":"WebPage","@id":"https:\/\/osteosants.com\/ca\/politica-de-cookies\/","url":"https:\/\/osteosants.com\/ca\/politica-de-cookies\/","name":"\u25b7 Pol\u00edtica de Cookies - OsteoSants","isPartOf":{"@id":"https:\/\/osteosants.com\/ca\/#website"},"datePublished":"2018-10-25T17:45:00+00:00","dateModified":"2025-06-03T14:05:48+00:00","breadcrumb":{"@id":"https:\/\/osteosants.com\/ca\/politica-de-cookies\/#breadcrumb"},"inLanguage":"es","potentialAction":[{"@type":"ReadAction","target":["https:\/\/osteosants.com\/ca\/politica-de-cookies\/"]}]},{"@type":"BreadcrumbList","@id":"https:\/\/osteosants.com\/ca\/politica-de-cookies\/#breadcrumb","itemListElement":[{"@type":"ListItem","position":1,"name":"Inici","item":"https:\/\/osteosants.com\/es\/"},{"@type":"ListItem","position":2,"name":"Pol\u00edtica de Cookies"}]},{"@type":"WebSite","@id":"https:\/\/osteosants.com\/ca\/#website","url":"https:\/\/osteosants.com\/ca\/","name":"OsteoSants","description":"OsteoSants","potentialAction":[{"@type":"SearchAction","target":{"@type":"EntryPoint","urlTemplate":"https:\/\/osteosants.com\/ca\/?s={search_term_string}"},"query-input":{"@type":"PropertyValueSpecification","valueRequired":true,"valueName":"search_term_string"}}],"inLanguage":"es"}]}},"_links":{"self":[{"href":"https:\/\/osteosants.com\/es\/wp-json\/wp\/v2\/pages\/1358","targetHints":{"allow":["GET"]}}],"collection":[{"href":"https:\/\/osteosants.com\/es\/wp-json\/wp\/v2\/pages"}],"about":[{"href":"https:\/\/osteosants.com\/es\/wp-json\/wp\/v2\/types\/page"}],"author":[{"embeddable":true,"href":"https:\/\/osteosants.com\/es\/wp-json\/wp\/v2\/users\/4"}],"replies":[{"embeddable":true,"href":"https:\/\/osteosants.com\/es\/wp-json\/wp\/v2\/comments?post=1358"}],"version-history":[{"count":9,"href":"https:\/\/osteosants.com\/es\/wp-json\/wp\/v2\/pages\/1358\/revisions"}],"predecessor-version":[{"id":1847,"href":"https:\/\/osteosants.com\/es\/wp-json\/wp\/v2\/pages\/1358\/revisions\/1847"}],"wp:attachment":[{"href":"https:\/\/osteosants.com\/es\/wp-json\/wp\/v2\/media?parent=1358"}],"curies":[{"name":"wp","href":"https:\/\/api.w.org\/{rel}","templated":true}]}}