{"id":1364,"date":"2018-10-25T17:45:44","date_gmt":"2018-10-25T17:45:44","guid":{"rendered":"http:\/\/osteosants.com\/politica-de-privacitat\/"},"modified":"2025-06-03T14:03:57","modified_gmt":"2025-06-03T14:03:57","slug":"politica-de-privacitat","status":"publish","type":"page","link":"https:\/\/osteosants.com\/es\/politica-de-privacitat\/","title":{"rendered":"Pol\u00edtica de Privacidad"},"content":{"rendered":"<p>[et_pb_section fb_built=\u00bb1&#8243; admin_label=\u00bbsection\u00bb _builder_version=\u00bb4.16&#8243; custom_padding=\u00bb54px|122px|54px|0px\u00bb transparent_background=\u00bboff\u00bb make_fullwidth=\u00bboff\u00bb use_custom_width=\u00bboff\u00bb width_unit=\u00bboff\u00bb custom_width_px=\u00bb1080px\u00bb custom_width_percent=\u00bb80%\u00bb global_colors_info=\u00bb{}\u00bb][et_pb_row admin_label=\u00bbrow\u00bb _builder_version=\u00bb4.16&#8243; background_size=\u00bbinitial\u00bb background_position=\u00bbtop_left\u00bb background_repeat=\u00bbrepeat\u00bb make_fullwidth=\u00bboff\u00bb use_custom_width=\u00bboff\u00bb width_unit=\u00bboff\u00bb custom_width_px=\u00bb1080px\u00bb custom_width_percent=\u00bb80%\u00bb global_colors_info=\u00bb{}\u00bb][et_pb_column type=\u00bb4_4&#8243; _builder_version=\u00bb4.16&#8243; custom_padding=\u00bb|||\u00bb global_colors_info=\u00bb{}\u00bb custom_padding__hover=\u00bb|||\u00bb][et_pb_text admin_label=\u00bbText\u00bb _builder_version=\u00bb4.16&#8243; background_size=\u00bbinitial\u00bb background_position=\u00bbtop_left\u00bb background_repeat=\u00bbrepeat\u00bb use_border_color=\u00bboff\u00bb border_style=\u00bbsolid\u00bb global_colors_info=\u00bb{}\u00bb]<\/p>\n<p><strong>POL\u00cdTICA DE PRIVACIDAD<\/strong><\/p>\n<p><strong><\/strong><\/p>\n<table cellspacing=\"0\" cellpadding=\"0\" class=\"t1\">\n<tbody>\n<tr>\n<td colspan=\"2\" valign=\"middle\" class=\"td1\">\n<p class=\"p1\">Informaci\u00f3n b\u00e1sica sobre Protecci\u00f3n de Datos<\/p>\n<\/td>\n<\/tr>\n<tr>\n<td valign=\"middle\" class=\"td1\">\n<p class=\"p1\">Responsable<\/p>\n<\/td>\n<td valign=\"middle\" class=\"td1\">\n<p class=\"p1\">OsteoSants S.C.P.<\/p>\n<p class=\"p1\">CIF J66764259<\/p>\n<p class=\"p1\">C\/ Begur, num. 23, 08028, Barcelona<\/p>\n<\/td>\n<\/tr>\n<tr>\n<td valign=\"middle\" class=\"td1\">\n<p class=\"p1\">Contacto<\/p>\n<\/td>\n<td valign=\"middle\" class=\"td1\">\n<p class=\"p1\">Telf: 640801334<\/p>\n<p class=\"p2\">hola@osteosants.com<\/p>\n<\/td>\n<\/tr>\n<tr>\n<td valign=\"middle\" class=\"td1\">\n<p class=\"p1\">DPD<\/p>\n<\/td>\n<td valign=\"middle\" class=\"td1\">\n<p class=\"p1\">osteosants@gmail.com<\/p>\n<\/td>\n<\/tr>\n<tr>\n<td valign=\"middle\" class=\"td1\">\n<p class=\"p1\">Finalidad<\/p>\n<\/td>\n<td valign=\"middle\" class=\"td1\">\n<p class=\"p1\">Consultas y solicitudes de informaci\u00f3n de terceros: Dar respuesta a la solicitud planteada.<\/p>\n<\/td>\n<\/tr>\n<tr>\n<td valign=\"middle\" class=\"td1\">\n<p class=\"p1\">Legitimaci\u00f3n<\/p>\n<\/td>\n<td valign=\"middle\" class=\"td1\">\n<p class=\"p1\">Consultas y solicitudes de informaci\u00f3n de terceros: Inter\u00e9s leg\u00edtimo de atenci\u00f3n al interesado por contacto por correo electr\u00f3nico y consentimiento expl\u00edcito en el formulario de contacto.<\/p>\n<\/td>\n<\/tr>\n<tr>\n<td valign=\"middle\" class=\"td1\">\n<p class=\"p1\">Conservaci\u00f3n<\/p>\n<\/td>\n<td valign=\"middle\" class=\"td1\">\n<p class=\"p1\">La informaci\u00f3n recabada de la persona interesada ser\u00e1 conservada mientras sea necesaria para cumplir con la finalidad para la cual fueron recabados los datos personales, de forma que, una vez cumplida la finalidad los datos ser\u00e1n cancelados. Dicha cancelaci\u00f3n dar\u00e1 lugar al bloqueo de los datos conserv\u00e1ndose \u00fanicamente a disposici\u00f3n de las AAPP, Jueces y Tribunales, para atender las posibles responsabilidades nacidas del tratamiento, durante el plazo de prescripci\u00f3n de \u00e9stas, cumplido el citado plazo se proceder\u00e1 a la destrucci\u00f3n de la informaci\u00f3n. En la segunda capa informativa se detallan los plazos de conservaci\u00f3n de la informaci\u00f3n en relaci\u00f3n con diferentes materias.<\/p>\n<\/td>\n<\/tr>\n<tr>\n<td valign=\"middle\" class=\"td1\">\n<p class=\"p1\">Procedencia<\/p>\n<\/td>\n<td valign=\"middle\" class=\"td1\">\n<p class=\"p1\">Consultas y solicitudes de informaci\u00f3n de terceros: El propio interesado o su representante legal.<\/p>\n<\/td>\n<\/tr>\n<tr>\n<td valign=\"middle\" class=\"td1\">\n<p class=\"p1\">Destinatarios<\/p>\n<\/td>\n<td valign=\"middle\" class=\"td1\">\n<p class=\"p1\">Estos datos ser\u00e1n tratados por \u201cOsteoSants\u201d. Compartimos sus datos con prestadores de servicios que nos ayudan o dan soporte (encargados del tratamiento), con los que se ha celebrado el preceptivo contrato en los t\u00e9rminos del art\u00edculo 28 del RGPD.<\/p>\n<\/td>\n<\/tr>\n<tr>\n<td valign=\"middle\" class=\"td1\">\n<p class=\"p1\">Transferencias internacionales<\/p>\n<\/td>\n<td valign=\"middle\" class=\"td1\">\n<p class=\"p1\">No realizamos transferencias internacionales con sus datos.<\/p>\n<\/td>\n<\/tr>\n<tr>\n<td valign=\"middle\" class=\"td1\">\n<p class=\"p1\">Derechos<\/p>\n<\/td>\n<td valign=\"middle\" class=\"td1\">\n<p class=\"p1\">Acceso, rectificaci\u00f3n, oposici\u00f3n, supresi\u00f3n, limitaci\u00f3n del tratamiento y portabilidad de los datos personales, como se explica en el correspondiente apartado.<\/p>\n<\/td>\n<\/tr>\n<tr>\n<td valign=\"middle\" class=\"td1\">\n<p class=\"p1\">Informaci\u00f3n adicional<\/p>\n<\/td>\n<td valign=\"middle\" class=\"td1\">\n<p class=\"p1\">Puede consultar la informaci\u00f3n adicional y detallada sobre Protecci\u00f3n de Datos en el desglose de apartados que le presentamos a continuaci\u00f3n (segunda capa informativa).<\/p>\n<\/td>\n<\/tr>\n<\/tbody>\n<\/table>\n<p class=\"p3\">\n<p class=\"p1\"><strong>INFORMACI\u00d3N GENERAL<\/strong><\/p>\n<p class=\"p3\">\n<p class=\"p1\">La presente Pol\u00edtica de Privacidad tiene como finalidad dar a conocer las condiciones que rigen la recogida y tratamiento de sus datos personales por parte de nuestra entidad para velar por los derechos fundamentales, su honor y libertades, todo ello en cumplimiento de las normativas vigentes que regulan la Protecci\u00f3n de Datos personales: el Reglamento 2016\/679, del Parlamento Europeo y del Consejo, del 27 de abril de 2016, relativo a la protecci\u00f3n de las personas f\u00edsicas en lo que respecta al tratamiento de datos personales y a la circulaci\u00f3n de estos datos, (en adelante RGPD); y la Ley Org\u00e1nica 3\/2018, de 5 de diciembre, de Protecci\u00f3n de Datos Personales y garant\u00eda de los derechos digitales (en adelante LOPDGDD).<\/p>\n<p class=\"p3\">\n<p class=\"p1\">En conformidad con dichas normativas, necesitamos disponer de su autorizaci\u00f3n y consentimiento para la recogida y el tratamiento de sus datos personales, por lo que a continuaci\u00f3n, le indicamos todos los detalles de su inter\u00e9s respecto a c\u00f3mo realizamos estos procesos, con qu\u00e9 finalidades, que otras entidades podr\u00edan tener acceso a sus datos y cu\u00e1les son sus derechos.<\/p>\n<p class=\"p3\">\n<p class=\"p1\"><strong>RESPONSABLE<\/strong>. \u00bfQui\u00e9n es el Responsable del tratamiento de sus datos?<\/p>\n<p class=\"p2\">El Responsable del Tratamiento de Datos es aquella persona f\u00edsica o jur\u00eddica, de naturaleza p\u00fablica o privada, u \u00f3rgano administrativo, que solo o conjuntamente con otros determine los fines y medios del tratamiento de datos personales.<\/p>\n<p class=\"p4\">\n<p class=\"p1\"><span class=\"s1\">Le informamos que <\/span>OsteoSants S.C.P. (en adelante \u201cOsteoSants\u201d) <span class=\"s1\">es la titular de la web<\/span> <span class=\"s1\">osteosants.com, con <\/span>CIF J66764259<span class=\"s1\"> y direcci\u00f3n en la <\/span>C\/ Begur, num. 23, 08028, Barcelona.<span class=\"s1\"> Puede contactar por correo electr\u00f3nico en <\/span>hola@osteosants.como bien telef\u00f3nicamente al <span class=\"s1\">640801334<\/span>.<\/p>\n<p class=\"p3\">\n<p class=\"p2\">Los datos personales que se soliciten, en su caso, consistir\u00e1n \u00fanicamente en aquellos estrictamente imprescindibles para identificar y atender la solicitud realizada por la persona titular de los mismos, en adelante el interesado. Dicha informaci\u00f3n ser\u00e1 tratada de forma leal, l\u00edcita y transparente en relaci\u00f3n con el interesado. Por otra parte, los datos personales ser\u00e1n recogidos para finalidades determinadas expl\u00edcitas y leg\u00edtimas, no siendo tratados ulteriormente de manera incompatible con dichos fines.<\/p>\n<p class=\"p4\">\n<p class=\"p2\">Los datos recogidos de cada interesado ser\u00e1n adecuados, pertinentes y no excesivos en relaci\u00f3n con las finalidades correspondientes para cada caso, y ser\u00e1n actualizados siempre que sea necesario.<\/p>\n<p class=\"p4\">\n<p class=\"p2\">La persona titular de los datos ser\u00e1 informada, con car\u00e1cter previo a la recogida de sus datos, de los extremos generales regulados en esta pol\u00edtica a fin de que pueda prestar el consentimiento expreso, preciso e inequ\u00edvoco para el tratamiento de sus datos, si \u00e9ste fuese necesario y conforme a los siguientes aspectos.<\/p>\n<p class=\"p4\">\n<p class=\"p2\"><strong>FINALIDAD<\/strong>. \u00bfCon qu\u00e9 finalidad tratamos sus datos personales?<\/p>\n<p class=\"p2\">La informaci\u00f3n personal que nos facilite a trav\u00e9s de los correos electr\u00f3nicos y en los formularios se mantendr\u00e1 confidencial y protegida. En ning\u00fan caso se destinar\u00e1 o utilizar\u00e1 para otros fines, ni se entregar\u00e1 a terceras personas sin su consentimiento, de acuerdo con los principios del RGPD 679\/2016 y la L.O. 3\/2018. Para cumplir con las distintas disposiciones legales, hemos establecido diferentes niveles de seguridad para proteger los datos personales que nos faciliten, habiendo adoptado todas las medidas t\u00e9cnicas a nuestro alcance para evitar la p\u00e9rdida, mal uso, alteraci\u00f3n, acceso no autorizado y manipulaci\u00f3n de dichos datos personales.<\/p>\n<p class=\"p4\">\n<p class=\"p2\">A continuaci\u00f3n, le detallamos los usos y finalidades previstas:<\/p>\n<p class=\"p4\">\n<p class=\"p5\">Consultas y solicitudes de informaci\u00f3n de terceros: Dar respuesta a la solicitud planteada.<\/p>\n<p class=\"p3\">\n<p class=\"p3\">\n<p class=\"p2\"><strong>LEGITIMACI\u00d3N<\/strong>. \u00bfCu\u00e1l es la legitimaci\u00f3n para el tratamiento de sus datos?<\/p>\n<p class=\"p1\">La recogida y el tratamiento de sus datos est\u00e1 legitimado siempre por una o varias bases jur\u00eddicas, las cuales detallamos a continuaci\u00f3n:<\/p>\n<p class=\"p3\">\n<p class=\"p5\">Consultas y solicitudes de informaci\u00f3n de terceros: Inter\u00e9s leg\u00edtimo de atenci\u00f3n al interesado por contacto por correo electr\u00f3nico y consentimiento expl\u00edcito en el formulario de contacto.<\/p>\n<p class=\"p3\">\n<p class=\"p2\"><strong>CONSERVACI\u00d3N<\/strong>. \u00bfPor cu\u00e1nto tiempo conservaremos sus datos?<\/p>\n<p class=\"p1\">Utilizamos sus datos durante el tiempo estrictamente necesario para cumplir las finalidades indicadas anteriormente. A continuaci\u00f3n, le detallamos el tiempo que conservamos los datos:<\/p>\n<p class=\"p3\">\n<p class=\"p1\">A t\u00edtulo informativo se recogen los plazos de conservaci\u00f3n de la informaci\u00f3n en relaci\u00f3n con diferentes materias:<\/p>\n<p class=\"p3\">\n<table cellspacing=\"0\" cellpadding=\"0\" class=\"t1\">\n<tbody>\n<tr>\n<td valign=\"middle\" class=\"td1\">\n<p class=\"p6\">DOCUMENTO<\/p>\n<\/td>\n<td valign=\"middle\" class=\"td1\">\n<p class=\"p6\">PLAZO<\/p>\n<\/td>\n<td valign=\"middle\" class=\"td1\">\n<p class=\"p6\">REF.\u00a0 LEGAL<\/p>\n<\/td>\n<\/tr>\n<tr>\n<td valign=\"middle\" class=\"td1\">\n<p class=\"p6\">Documentaci\u00f3n de car\u00e1cter laboral o relacionada con la seguridad social<\/p>\n<\/td>\n<td valign=\"middle\" class=\"td1\">\n<p class=\"p6\">4 a\u00f1os<\/p>\n<\/td>\n<td valign=\"middle\" class=\"td1\">\n<p class=\"p6\">Art\u00edculo 21 del Real Decreto Legislativo 5\/2000, de 4 de agosto, por el que se aprueba el texto refundido de la Ley sobre Infracciones y Sanciones en el Orden Social<\/p>\n<\/td>\n<\/tr>\n<tr>\n<td valign=\"middle\" class=\"td1\">\n<p class=\"p6\">Documentaci\u00f3n contable y fiscal a efectos mercantiles<\/p>\n<\/td>\n<td valign=\"middle\" class=\"td1\">\n<p class=\"p6\">6 a\u00f1os<\/p>\n<\/td>\n<td valign=\"middle\" class=\"td1\">\n<p class=\"p6\">Art. 30 C\u00f3digo Comercio<\/p>\n<\/td>\n<\/tr>\n<tr>\n<td valign=\"middle\" class=\"td1\">\n<p class=\"p6\">Documentaci\u00f3n contable y fiscal a efectos fiscales<\/p>\n<\/td>\n<td valign=\"middle\" class=\"td1\">\n<p class=\"p6\">4 a\u00f1os<\/p>\n<\/td>\n<td valign=\"middle\" class=\"td1\">\n<p class=\"p6\">Art\u00edculos 66 a 70 Ley General Tributaria<\/p>\n<\/td>\n<\/tr>\n<tr>\n<td valign=\"middle\" class=\"td1\">\n<p class=\"p6\">Datos para el env\u00edo de informaci\u00f3n sobre servicios<\/p>\n<\/td>\n<td valign=\"middle\" class=\"td1\">\n<p class=\"p6\">Mientras el interesado no solicite su supresi\u00f3n<\/p>\n<\/td>\n<td valign=\"middle\" class=\"td1\">\n<p class=\"p6\">No aplicable<\/p>\n<\/td>\n<\/tr>\n<tr>\n<td valign=\"middle\" class=\"td1\">\n<p class=\"p6\">Datos de personas que han contactado<\/p>\n<\/td>\n<td valign=\"middle\" class=\"td1\">\n<p class=\"p6\">Mientras no solicite su supresi\u00f3n<\/p>\n<\/td>\n<td valign=\"middle\" class=\"td1\">\n<p class=\"p7\">No aplicable<\/p>\n<\/td>\n<\/tr>\n<tr>\n<td valign=\"middle\" class=\"td1\">\n<p class=\"p6\">Historias cl\u00ednicas<\/p>\n<\/td>\n<td valign=\"middle\" class=\"td1\">\n<p class=\"p6\">15 a\u00f1os<\/p>\n<\/td>\n<td valign=\"middle\" class=\"td1\">\n<p class=\"p8\">Ley 16\/2010, de 3 de junio, de modificaci\u00f3n de la Ley 21\/2000, sobre los derechos de informaci\u00f3n relativos a la salud, la autonom\u00eda del paciente y la documentaci\u00f3n cl\u00ednica.<\/p>\n<\/td>\n<\/tr>\n<\/tbody>\n<\/table>\n<p class=\"p9\">\n<p class=\"p9\">\n<p class=\"p2\"><strong>PROCEDENCIA<\/strong>. \u00bfC\u00f3mo hemos obtenido sus datos?<\/p>\n<p class=\"p2\">Visitar la web de <span class=\"s1\">\u201cOsteoSants\u201d<\/span> no supone que el usuario est\u00e9 obligado a facilitar ninguna informaci\u00f3n sobre s\u00ed mismo.<\/p>\n<p class=\"p4\">\n<p class=\"p2\"><span class=\"s1\">\u201cOsteoSants\u201d<\/span> proh\u00edbe expresamente que los menores de dieciocho a\u00f1os faciliten Datos Personales sin el consentimiento previo de sus padres o tutores.<\/p>\n<p class=\"p4\">\n<p class=\"p2\">A continuaci\u00f3n, le indicamos la procedencia de los datos:<\/p>\n<p class=\"p5\">Consultas y solicitudes de informaci\u00f3n de terceros: El propio interesado o su representante legal.<\/p>\n<p class=\"p5\"><span class=\"Apple-tab-span\"> <\/span>\u00b7 En el formulario de contacto se solicitar\u00e1 lo siguiente:<\/p>\n<p class=\"p5\"><span class=\"Apple-tab-span\"> <\/span><span class=\"Apple-tab-span\"> <\/span>Nombre y apellidos y direcci\u00f3n de correo electr\u00f3nico.<\/p>\n<p class=\"p3\">\n<p class=\"p2\">Medidas de seguridad. \u00bfQu\u00e9 hacemos para proteger sus datos?<\/p>\n<p class=\"p2\"><span class=\"s1\">\u201cOsteoSants\u201d<\/span> adopta las medidas organizativas y t\u00e9cnicas necesarias para garantizar la seguridad y la privacidad de sus datos, evitar su alteraci\u00f3n, p\u00e9rdida, tratamiento o acceso no autorizado, dependiendo del estado de la tecnolog\u00eda, la naturaleza de los datos almacenados y los riesgos a que est\u00e1n expuestos.\u00a0<\/p>\n<p class=\"p4\">\n<p class=\"p2\">Entre otras, destacan las siguientes medidas:\u00a0<\/p>\n<p class=\"p10\">\u00b7 Garantizar la confidencialidad, integridad, disponibilidad y resiliencia permanentes de los sistemas y servicios de tratamiento.<\/p>\n<p class=\"p10\">\u00b7 Restaurar la disponibilidad y el acceso a los datos personales de forma r\u00e1pida, en caso de incidente f\u00edsico o t\u00e9cnico.<\/p>\n<p class=\"p10\">\u00b7 Verificar, evaluar y valorar, de forma regular, la eficacia de las medidas t\u00e9cnicas y organizativas implementadas para garantizar la seguridad del tratamiento.<\/p>\n<p class=\"p2\">\u00b7 Seudonimizar y cifrar los datos personales, en caso de que se trate de datos sensibles.<\/p>\n<p class=\"p4\">\n<p class=\"p2\"><strong>DESTINATARIOS<\/strong>. \u00bfA qu\u00e9 destinatarios se comunicar\u00e1n sus datos?<\/p>\n<p class=\"p1\">Estos datos ser\u00e1n tratados por \u201cOsteoSants\u201d. Compartimos sus datos con prestadores de servicios que nos ayudan o dan soporte (encargados del tratamiento), con los que se ha celebrado el preceptivo contrato en los t\u00e9rminos del art\u00edculo 28 del RGPD.<\/p>\n<p class=\"p3\">\n<p class=\"p1\">No realizamos transferencias internacionales con sus datos personales.<\/p>\n<p class=\"p3\">\n<p class=\"p1\"><strong>DERECHOS<\/strong>. \u00bfCu\u00e1les son sus derechos cuando nos facilita sus datos?<\/p>\n<p class=\"p1\">La normativa vigente de protecci\u00f3n de datos le ampara en una serie de derechos en relaci\u00f3n con el uso que le damos a sus datos personales. Todos y cada uno de sus derechos son unipersonales e intransferibles, es decir, que \u00fanicamente pueden ser ejercidos por el titular de los datos, previa comprobaci\u00f3n de su identidad.\u00a0<\/p>\n<p class=\"p3\">\n<p class=\"p1\">A continuaci\u00f3n, le indicamos cuales son los derechos que le asisten:\u00a0<\/p>\n<p class=\"p1\">\u00b7 Solicitar el acceso a sus datos personales<\/p>\n<p class=\"p1\">\u00b7 Solicitar la rectificaci\u00f3n de sus datos<\/p>\n<p class=\"p1\">\u00b7 Solicitar la supresi\u00f3n o eliminaci\u00f3n de sus datos (derecho al \u00abolvido\u00bb)<\/p>\n<p class=\"p1\">\u00b7 Derecho a la portabilidad de sus datos para casos de servicios de telecomunicaciones o internet.<\/p>\n<p class=\"p1\">\u00b7 Limitar u oponerse al uso que le damos a sus datos<\/p>\n<p class=\"p1\">\u00b7 Derecho a retirar su consentimiento en cualquier momento<\/p>\n<p class=\"p1\">\u00b7 Derecho a presentar una reclamaci\u00f3n en materia de protecci\u00f3n de datos ante la Autoridad de Control: Agencia Espa\u00f1ola de Protecci\u00f3n de Datos<\/p>\n<p class=\"p3\">\n<p class=\"p1\">\u00bfC\u00f3mo puede ejercer sus derechos?<\/p>\n<p class=\"p1\">Para el ejercicio de sus derechos de acceso, rectificaci\u00f3n, supresi\u00f3n, limitaci\u00f3n u oposici\u00f3n, portabilidad y retirada de su consentimiento, puede hacerlo de la siguiente forma:<\/p>\n<p class=\"p3\">\n<p class=\"p1\">Presencialmente o por correo electr\u00f3nico en:<\/p>\n<p class=\"p1\">OsteoSants S.C.P.<\/p>\n<p class=\"p1\">CIF J66764259<\/p>\n<p class=\"p2\">hola@osteosants.com<\/p>\n<p class=\"p4\">\n<p class=\"p1\">Adem\u00e1s de los derechos que le asisten, si cree que sus datos no se est\u00e1n recabando o tratando conforme a la normativa vigente de Protecci\u00f3n de Datos, usted podr\u00e1 realizar una reclamaci\u00f3n ante la Autoridad de Control, cuyos datos de contacto indicamos a continuaci\u00f3n:<\/p>\n<p class=\"p3\">\n<p class=\"p1\">Agencia Espa\u00f1ola de Protecci\u00f3n de Datos<\/p>\n<p class=\"p1\">C\/ Jorge Juan, 6. 28001, Madrid.<\/p>\n<p class=\"p1\">Email: info@agpd.es<\/p>\n<p class=\"p1\">Tel\u00e9fono: 912663517<\/p>\n<p class=\"p1\">Web: https:\/\/www.agpd.es<\/p>\n<p class=\"p3\">\n<p class=\"p2\"><strong>CONSENTIMIENTO Y ACEPTACI\u00d3N<\/strong><\/p>\n<p class=\"p2\">La aceptaci\u00f3n del presente documento indica que usted entiende y acepta todas las cl\u00e1usulas de nuestra pol\u00edtica de privacidad por lo que autoriza la recogida y el tratamiento de sus datos personales en estos t\u00e9rminos.<\/p>\n<p class=\"p3\">\n<p class=\"p3\">\n<p class=\"p3\">\n<p class=\"p2\">\n<p>[\/et_pb_text][\/et_pb_column][\/et_pb_row][\/et_pb_section]<\/p>\n","protected":false},"excerpt":{"rendered":"<p>POL\u00cdTICA DE PRIVACIDAD Informaci\u00f3n b\u00e1sica sobre Protecci\u00f3n de Datos Responsable OsteoSants S.C.P. CIF J66764259 C\/ Begur, num. 23, 08028, Barcelona Contacto Telf: 640801334 hola@osteosants.com DPD osteosants@gmail.com Finalidad Consultas y solicitudes [&hellip;]<\/p>\n","protected":false},"author":4,"featured_media":0,"parent":0,"menu_order":0,"comment_status":"closed","ping_status":"closed","template":"","meta":{"_bbp_topic_count":0,"_bbp_reply_count":0,"_bbp_total_topic_count":0,"_bbp_total_reply_count":0,"_bbp_voice_count":0,"_bbp_anonymous_reply_count":0,"_bbp_topic_count_hidden":0,"_bbp_reply_count_hidden":0,"_bbp_forum_subforum_count":0,"_et_pb_use_builder":"on","_et_pb_old_content":"","_et_gb_content_width":"","footnotes":""},"class_list":["post-1364","page","type-page","status-publish","hentry"],"yoast_head":"<!-- This site is optimized with the Yoast SEO plugin v26.8 - https:\/\/yoast.com\/product\/yoast-seo-wordpress\/ -->\n<title>\u25b7 Pol\u00edtica de Privacidad - OsteoSants<\/title>\n<meta name=\"robots\" content=\"index, follow, max-snippet:-1, max-image-preview:large, max-video-preview:-1\" \/>\n<link rel=\"canonical\" href=\"https:\/\/osteosants.com\/ca\/politica-de-privacitat\/\" \/>\n<meta property=\"og:locale\" content=\"es_ES\" \/>\n<meta property=\"og:type\" content=\"article\" \/>\n<meta property=\"og:title\" content=\"\u25b7 Pol\u00edtica de Privacidad - OsteoSants\" \/>\n<meta property=\"og:description\" content=\"POL\u00cdTICA DE PRIVACIDAD Informaci\u00f3n b\u00e1sica sobre Protecci\u00f3n de Datos Responsable OsteoSants S.C.P. CIF J66764259 C\/ Begur, num. 23, 08028, Barcelona Contacto Telf: 640801334 hola@osteosants.com DPD osteosants@gmail.com Finalidad Consultas y solicitudes [&hellip;]\" \/>\n<meta property=\"og:url\" content=\"https:\/\/osteosants.com\/ca\/politica-de-privacitat\/\" \/>\n<meta property=\"og:site_name\" content=\"OsteoSants\" \/>\n<meta property=\"article:modified_time\" content=\"2025-06-03T14:03:57+00:00\" \/>\n<meta name=\"twitter:card\" content=\"summary_large_image\" \/>\n<meta name=\"twitter:label1\" content=\"Tiempo de lectura\" \/>\n\t<meta name=\"twitter:data1\" content=\"10 minutos\" \/>\n<script type=\"application\/ld+json\" class=\"yoast-schema-graph\">{\"@context\":\"https:\/\/schema.org\",\"@graph\":[{\"@type\":\"WebPage\",\"@id\":\"https:\/\/osteosants.com\/ca\/politica-de-privacitat\/\",\"url\":\"https:\/\/osteosants.com\/ca\/politica-de-privacitat\/\",\"name\":\"\u25b7 Pol\u00edtica de Privacidad - OsteoSants\",\"isPartOf\":{\"@id\":\"https:\/\/osteosants.com\/ca\/#website\"},\"datePublished\":\"2018-10-25T17:45:44+00:00\",\"dateModified\":\"2025-06-03T14:03:57+00:00\",\"breadcrumb\":{\"@id\":\"https:\/\/osteosants.com\/ca\/politica-de-privacitat\/#breadcrumb\"},\"inLanguage\":\"es\",\"potentialAction\":[{\"@type\":\"ReadAction\",\"target\":[\"https:\/\/osteosants.com\/ca\/politica-de-privacitat\/\"]}]},{\"@type\":\"BreadcrumbList\",\"@id\":\"https:\/\/osteosants.com\/ca\/politica-de-privacitat\/#breadcrumb\",\"itemListElement\":[{\"@type\":\"ListItem\",\"position\":1,\"name\":\"Inici\",\"item\":\"https:\/\/osteosants.com\/es\/\"},{\"@type\":\"ListItem\",\"position\":2,\"name\":\"Pol\u00edtica de Privacidad\"}]},{\"@type\":\"WebSite\",\"@id\":\"https:\/\/osteosants.com\/ca\/#website\",\"url\":\"https:\/\/osteosants.com\/ca\/\",\"name\":\"OsteoSants\",\"description\":\"OsteoSants\",\"potentialAction\":[{\"@type\":\"SearchAction\",\"target\":{\"@type\":\"EntryPoint\",\"urlTemplate\":\"https:\/\/osteosants.com\/ca\/?s={search_term_string}\"},\"query-input\":{\"@type\":\"PropertyValueSpecification\",\"valueRequired\":true,\"valueName\":\"search_term_string\"}}],\"inLanguage\":\"es\"}]}<\/script>\n<!-- \/ Yoast SEO plugin. -->","yoast_head_json":{"title":"\u25b7 Pol\u00edtica de Privacidad - OsteoSants","robots":{"index":"index","follow":"follow","max-snippet":"max-snippet:-1","max-image-preview":"max-image-preview:large","max-video-preview":"max-video-preview:-1"},"canonical":"https:\/\/osteosants.com\/ca\/politica-de-privacitat\/","og_locale":"es_ES","og_type":"article","og_title":"\u25b7 Pol\u00edtica de Privacidad - OsteoSants","og_description":"POL\u00cdTICA DE PRIVACIDAD Informaci\u00f3n b\u00e1sica sobre Protecci\u00f3n de Datos Responsable OsteoSants S.C.P. CIF J66764259 C\/ Begur, num. 23, 08028, Barcelona Contacto Telf: 640801334 hola@osteosants.com DPD osteosants@gmail.com Finalidad Consultas y solicitudes [&hellip;]","og_url":"https:\/\/osteosants.com\/ca\/politica-de-privacitat\/","og_site_name":"OsteoSants","article_modified_time":"2025-06-03T14:03:57+00:00","twitter_card":"summary_large_image","twitter_misc":{"Tiempo de lectura":"10 minutos"},"schema":{"@context":"https:\/\/schema.org","@graph":[{"@type":"WebPage","@id":"https:\/\/osteosants.com\/ca\/politica-de-privacitat\/","url":"https:\/\/osteosants.com\/ca\/politica-de-privacitat\/","name":"\u25b7 Pol\u00edtica de Privacidad - OsteoSants","isPartOf":{"@id":"https:\/\/osteosants.com\/ca\/#website"},"datePublished":"2018-10-25T17:45:44+00:00","dateModified":"2025-06-03T14:03:57+00:00","breadcrumb":{"@id":"https:\/\/osteosants.com\/ca\/politica-de-privacitat\/#breadcrumb"},"inLanguage":"es","potentialAction":[{"@type":"ReadAction","target":["https:\/\/osteosants.com\/ca\/politica-de-privacitat\/"]}]},{"@type":"BreadcrumbList","@id":"https:\/\/osteosants.com\/ca\/politica-de-privacitat\/#breadcrumb","itemListElement":[{"@type":"ListItem","position":1,"name":"Inici","item":"https:\/\/osteosants.com\/es\/"},{"@type":"ListItem","position":2,"name":"Pol\u00edtica de Privacidad"}]},{"@type":"WebSite","@id":"https:\/\/osteosants.com\/ca\/#website","url":"https:\/\/osteosants.com\/ca\/","name":"OsteoSants","description":"OsteoSants","potentialAction":[{"@type":"SearchAction","target":{"@type":"EntryPoint","urlTemplate":"https:\/\/osteosants.com\/ca\/?s={search_term_string}"},"query-input":{"@type":"PropertyValueSpecification","valueRequired":true,"valueName":"search_term_string"}}],"inLanguage":"es"}]}},"_links":{"self":[{"href":"https:\/\/osteosants.com\/es\/wp-json\/wp\/v2\/pages\/1364","targetHints":{"allow":["GET"]}}],"collection":[{"href":"https:\/\/osteosants.com\/es\/wp-json\/wp\/v2\/pages"}],"about":[{"href":"https:\/\/osteosants.com\/es\/wp-json\/wp\/v2\/types\/page"}],"author":[{"embeddable":true,"href":"https:\/\/osteosants.com\/es\/wp-json\/wp\/v2\/users\/4"}],"replies":[{"embeddable":true,"href":"https:\/\/osteosants.com\/es\/wp-json\/wp\/v2\/comments?post=1364"}],"version-history":[{"count":7,"href":"https:\/\/osteosants.com\/es\/wp-json\/wp\/v2\/pages\/1364\/revisions"}],"predecessor-version":[{"id":1844,"href":"https:\/\/osteosants.com\/es\/wp-json\/wp\/v2\/pages\/1364\/revisions\/1844"}],"wp:attachment":[{"href":"https:\/\/osteosants.com\/es\/wp-json\/wp\/v2\/media?parent=1364"}],"curies":[{"name":"wp","href":"https:\/\/api.w.org\/{rel}","templated":true}]}}